{"id":115,"date":"2023-01-05T19:55:23","date_gmt":"2023-01-05T18:55:23","guid":{"rendered":"http:\/\/arcanum.si\/?page_id=115"},"modified":"2025-01-26T19:20:27","modified_gmt":"2025-01-26T18:20:27","slug":"kontakt","status":"publish","type":"page","link":"https:\/\/arcanum.si\/?page_id=115","title":{"rendered":"KONTAKT"},"content":{"rendered":"<p>Za prijavo na terapijo, 15 min brezpla\u010den posvet ali kakr\u0161nakoli druga vpra\u0161anje mi lahko po\u0161ljete<\/p>\n<p>na email:\u00a0 \u00a0\u00a0maja@arcanum.si<\/p>\n<p>ali preko spodnjega OBRAZCA<\/p>\n\n\n<div class=\"wp-block-columns is-layout-flex wp-container-core-columns-is-layout-9d6595d7 wp-block-columns-is-layout-flex\">\n<div class=\"wp-block-column is-layout-flow wp-block-column-is-layout-flow\" style=\"flex-basis:100%\"><\/div>\n<\/div>\n\n\n\n<div class=\"forminator-guttenberg\"><div class=\"forminator-ui forminator-custom-form forminator-custom-form-107 forminator-design--default  forminator_ajax\" data-forminator-render=\"0\" data-form=\"forminator-module-107\" data-uid=\"69e2061ae2e2b\"><br\/><\/div><form\n\t\t\t\tid=\"forminator-module-107\"\n\t\t\t\tclass=\"forminator-ui forminator-custom-form forminator-custom-form-107 forminator-design--default  forminator_ajax\"\n\t\t\t\tmethod=\"post\"\n\t\t\t\tdata-forminator-render=\"0\"\n\t\t\t\tdata-form-id=\"107\"\n\t\t\t\t\n\t\t\t\tdata-design=\"default\"\n\t\t\t\t\n\t\t\t\t\n\t\t\t\t\n\t\t\t\tdata-grid=\"open\"\n\t\t\t\t\n\t\t\t\t\n\t\t\t\tstyle=\"display: none;\"\n\t\t\t\t\n\t\t\t\tdata-uid=\"69e2061ae2e2b\"\n\t\t\t><div role=\"alert\" aria-live=\"polite\" class=\"forminator-response-message forminator-error\" aria-hidden=\"true\"><\/div><div class=\"forminator-row\"><div id=\"name-1\" class=\"forminator-field-name forminator-col forminator-col-12 \"><div class=\"forminator-field\"><label for=\"forminator-field-name-1_69e2061ae2e2b\" id=\"forminator-field-name-1_69e2061ae2e2b-label\" class=\"forminator-label\">IME IN PRIIMEK <span class=\"forminator-required\">*<\/span><\/label><input type=\"text\" name=\"name-1\" value=\"\" placeholder=\"\" id=\"forminator-field-name-1_69e2061ae2e2b\" class=\"forminator-input forminator-name--field\" aria-required=\"true\" \/><\/div><\/div><\/div><div class=\"forminator-row\"><div id=\"email-1\" class=\"forminator-field-email forminator-col forminator-col-12 \"><div class=\"forminator-field\"><label for=\"forminator-field-email-1_69e2061ae2e2b\" id=\"forminator-field-email-1_69e2061ae2e2b-label\" class=\"forminator-label\">EMAIL <span class=\"forminator-required\">*<\/span><\/label><input type=\"email\" name=\"email-1\" value=\"\" placeholder=\"\" id=\"forminator-field-email-1_69e2061ae2e2b\" class=\"forminator-input forminator-email--field\" data-required=\"true\" aria-required=\"true\" \/><\/div><\/div><\/div><div class=\"forminator-row\"><div id=\"phone-1\" class=\"forminator-field-phone forminator-col forminator-col-12 \"><div class=\"forminator-field\"><label for=\"forminator-field-phone-1_69e2061ae2e2b\" id=\"forminator-field-phone-1_69e2061ae2e2b-label\" class=\"forminator-label\">TELEFONSKA \u0160TEVILKA<\/label><input type=\"text\" name=\"phone-1\" value=\"\" placeholder=\"\" id=\"forminator-field-phone-1_69e2061ae2e2b\" class=\"forminator-input forminator-field--phone\" data-required=\"\" aria-required=\"false\" autocomplete=\"off\" \/><\/div><\/div><\/div><div class=\"forminator-row\"><div id=\"textarea-1\" class=\"forminator-field-textarea forminator-col forminator-col-12 \"><div class=\"forminator-field\"><label for=\"forminator-field-textarea-1_69e2061ae2e2b\" id=\"forminator-field-textarea-1_69e2061ae2e2b-label\" class=\"forminator-label\">SPORO\u010cILO<\/label><textarea name=\"textarea-1\" placeholder=\"Tukaj vpi\u0161ite va\u0161e sporo\u010dilo...\" id=\"forminator-field-textarea-1_69e2061ae2e2b\" class=\"forminator-textarea\" rows=\"6\" style=\"min-height:140px;\" maxlength=\"180\" ><\/textarea><span id=\"forminator-field-textarea-1_69e2061ae2e2b-description\" class=\"forminator-description\"><span data-limit=\"180\" data-type=\"characters\" data-editor=\"\">0 \/ 180<\/span><\/span><\/div><\/div><\/div><input type=\"hidden\" name=\"referer_url\" value=\"\" \/><div class=\"forminator-row forminator-row-last\"><div class=\"forminator-col\"><div class=\"forminator-field\"><button class=\"forminator-button forminator-button-submit\">Po&scaron;lji sporo\u010dilo<\/button><\/div><\/div><\/div><input type=\"hidden\" id=\"forminator_nonce\" name=\"forminator_nonce\" value=\"42159ba5ed\" \/><input type=\"hidden\" name=\"_wp_http_referer\" value=\"\/index.php?rest_route=%2Fwp%2Fv2%2Fpages%2F115\" \/><input type=\"hidden\" name=\"form_id\" value=\"107\"><input type=\"hidden\" name=\"page_id\" value=\"115\"><input type=\"hidden\" name=\"form_type\" value=\"default\"><input type=\"hidden\" name=\"current_url\" value=\"https:\/\/arcanum.si\/?page_id=115\"><input type=\"hidden\" name=\"render_id\" value=\"0\"><input type=\"hidden\" name=\"action\" value=\"forminator_submit_form_custom-forms\"><\/form><\/div>\n\n\n\n<p><\/p>\n\n\n\n<p>.<\/p>\n\n\n\n<p><\/p>\n\n\n\n<p><strong>Storitev ne nadome\u0161\u010da zdravni\u0161ke obravnave in se stranka zanjo odlo\u010di na lastno odgovornost!<\/strong><\/p>\n\n\n\n<p>Podjetje:   Maja Barle s.p, Kolodvorska cesta 2, Gr<\/p>\n","protected":false},"excerpt":{"rendered":"<p>Za prijavo na terapijo, 15 min brezpla\u010den posvet ali kakr\u0161nakoli druga vpra\u0161anje mi lahko po\u0161ljete na email:\u00a0 \u00a0\u00a0maja@arcanum.si ali preko spodnjega OBRAZCA . Storitev ne nadome\u0161\u010da zdravni\u0161ke obravnave in se stranka zanjo odlo\u010di na lastno odgovornost! Podjetje: Maja Barle s.p, Kolodvorska cesta 2, Gr<\/p>\n","protected":false},"author":1,"featured_media":0,"parent":0,"menu_order":0,"comment_status":"closed","ping_status":"closed","template":"","meta":{"_uag_custom_page_level_css":"","_genesis_hide_title":false,"_genesis_hide_breadcrumbs":false,"_genesis_hide_singular_image":false,"_genesis_hide_footer_widgets":false,"_genesis_custom_body_class":"","_genesis_custom_post_class":"","_genesis_layout":"","footnotes":""},"class_list":{"0":"post-115","1":"page","2":"type-page","3":"status-publish","5":"entry"},"yoast_head":"<!-- This site is optimized with the Yoast SEO plugin v24.1 - https:\/\/yoast.com\/wordpress\/plugins\/seo\/ -->\n<title>KONTAKT - EFT TAPKANJE<\/title>\n<meta name=\"description\" content=\"Za prijavo na terapijo, 15 min brezpla\u010den posvet ali kakr\u0161nakoli druga vpra\u0161anje mi lahko po\u0161ljetena email:\u00a0 \u00a0\u00a0maja@arcanum.si\" \/>\n<meta name=\"robots\" content=\"index, follow, max-snippet:-1, max-image-preview:large, max-video-preview:-1\" \/>\n<link rel=\"canonical\" href=\"https:\/\/arcanum.si\/?page_id=115\" \/>\n<meta property=\"og:locale\" content=\"sl_SI\" \/>\n<meta property=\"og:type\" content=\"article\" \/>\n<meta property=\"og:title\" content=\"KONTAKT - EFT TAPKANJE\" \/>\n<meta property=\"og:description\" content=\"Za prijavo na terapijo, 15 min brezpla\u010den posvet ali kakr\u0161nakoli druga vpra\u0161anje mi lahko po\u0161ljetena email:\u00a0 \u00a0\u00a0maja@arcanum.si\" \/>\n<meta property=\"og:url\" content=\"https:\/\/arcanum.si\/?page_id=115\" \/>\n<meta property=\"og:site_name\" content=\"www.arcanum.si\" \/>\n<meta property=\"article:modified_time\" content=\"2025-01-26T18:20:27+00:00\" \/>\n<meta name=\"twitter:card\" content=\"summary_large_image\" \/>\n<meta name=\"twitter:label1\" content=\"Est. reading time\" \/>\n\t<meta name=\"twitter:data1\" content=\"1 minuta\" \/>\n<script type=\"application\/ld+json\" class=\"yoast-schema-graph\">{\"@context\":\"https:\/\/schema.org\",\"@graph\":[{\"@type\":\"WebPage\",\"@id\":\"https:\/\/arcanum.si\/?page_id=115\",\"url\":\"https:\/\/arcanum.si\/?page_id=115\",\"name\":\"KONTAKT - EFT TAPKANJE\",\"isPartOf\":{\"@id\":\"https:\/\/arcanum.si\/#website\"},\"datePublished\":\"2023-01-05T18:55:23+00:00\",\"dateModified\":\"2025-01-26T18:20:27+00:00\",\"description\":\"Za prijavo na terapijo, 15 min brezpla\u010den posvet ali kakr\u0161nakoli druga vpra\u0161anje mi lahko po\u0161ljetena email:\u00a0 \u00a0\u00a0maja@arcanum.si\",\"breadcrumb\":{\"@id\":\"https:\/\/arcanum.si\/?page_id=115#breadcrumb\"},\"inLanguage\":\"sl-SI\",\"potentialAction\":[{\"@type\":\"ReadAction\",\"target\":[\"https:\/\/arcanum.si\/?page_id=115\"]}]},{\"@type\":\"BreadcrumbList\",\"@id\":\"https:\/\/arcanum.si\/?page_id=115#breadcrumb\",\"itemListElement\":[{\"@type\":\"ListItem\",\"position\":1,\"name\":\"Home\",\"item\":\"https:\/\/arcanum.si\/\"},{\"@type\":\"ListItem\",\"position\":2,\"name\":\"KONTAKT\"}]},{\"@type\":\"WebSite\",\"@id\":\"https:\/\/arcanum.si\/#website\",\"url\":\"https:\/\/arcanum.si\/\",\"name\":\"www.arcanum.si\",\"description\":\"EFT TAPKANJE\",\"publisher\":{\"@id\":\"https:\/\/arcanum.si\/#organization\"},\"potentialAction\":[{\"@type\":\"SearchAction\",\"target\":{\"@type\":\"EntryPoint\",\"urlTemplate\":\"https:\/\/arcanum.si\/?s={search_term_string}\"},\"query-input\":{\"@type\":\"PropertyValueSpecification\",\"valueRequired\":true,\"valueName\":\"search_term_string\"}}],\"inLanguage\":\"sl-SI\"},{\"@type\":\"Organization\",\"@id\":\"https:\/\/arcanum.si\/#organization\",\"name\":\"www.arcanum.si\",\"url\":\"https:\/\/arcanum.si\/\",\"logo\":{\"@type\":\"ImageObject\",\"inLanguage\":\"sl-SI\",\"@id\":\"https:\/\/arcanum.si\/#\/schema\/logo\/image\/\",\"url\":\"https:\/\/arcanum.si\/wp-content\/uploads\/2023\/01\/ARCANUM-CIRCLE-LOGO66.jpg\",\"contentUrl\":\"https:\/\/arcanum.si\/wp-content\/uploads\/2023\/01\/ARCANUM-CIRCLE-LOGO66.jpg\",\"width\":240,\"height\":240,\"caption\":\"www.arcanum.si\"},\"image\":{\"@id\":\"https:\/\/arcanum.si\/#\/schema\/logo\/image\/\"}}]}<\/script>\n<!-- \/ Yoast SEO plugin. -->","yoast_head_json":{"title":"KONTAKT - EFT TAPKANJE","description":"Za prijavo na terapijo, 15 min brezpla\u010den posvet ali kakr\u0161nakoli druga vpra\u0161anje mi lahko po\u0161ljetena email:\u00a0 \u00a0\u00a0maja@arcanum.si","robots":{"index":"index","follow":"follow","max-snippet":"max-snippet:-1","max-image-preview":"max-image-preview:large","max-video-preview":"max-video-preview:-1"},"canonical":"https:\/\/arcanum.si\/?page_id=115","og_locale":"sl_SI","og_type":"article","og_title":"KONTAKT - EFT TAPKANJE","og_description":"Za prijavo na terapijo, 15 min brezpla\u010den posvet ali kakr\u0161nakoli druga vpra\u0161anje mi lahko po\u0161ljetena email:\u00a0 \u00a0\u00a0maja@arcanum.si","og_url":"https:\/\/arcanum.si\/?page_id=115","og_site_name":"www.arcanum.si","article_modified_time":"2025-01-26T18:20:27+00:00","twitter_card":"summary_large_image","twitter_misc":{"Est. reading time":"1 minuta"},"schema":{"@context":"https:\/\/schema.org","@graph":[{"@type":"WebPage","@id":"https:\/\/arcanum.si\/?page_id=115","url":"https:\/\/arcanum.si\/?page_id=115","name":"KONTAKT - EFT TAPKANJE","isPartOf":{"@id":"https:\/\/arcanum.si\/#website"},"datePublished":"2023-01-05T18:55:23+00:00","dateModified":"2025-01-26T18:20:27+00:00","description":"Za prijavo na terapijo, 15 min brezpla\u010den posvet ali kakr\u0161nakoli druga vpra\u0161anje mi lahko po\u0161ljetena email:\u00a0 \u00a0\u00a0maja@arcanum.si","breadcrumb":{"@id":"https:\/\/arcanum.si\/?page_id=115#breadcrumb"},"inLanguage":"sl-SI","potentialAction":[{"@type":"ReadAction","target":["https:\/\/arcanum.si\/?page_id=115"]}]},{"@type":"BreadcrumbList","@id":"https:\/\/arcanum.si\/?page_id=115#breadcrumb","itemListElement":[{"@type":"ListItem","position":1,"name":"Home","item":"https:\/\/arcanum.si\/"},{"@type":"ListItem","position":2,"name":"KONTAKT"}]},{"@type":"WebSite","@id":"https:\/\/arcanum.si\/#website","url":"https:\/\/arcanum.si\/","name":"www.arcanum.si","description":"EFT TAPKANJE","publisher":{"@id":"https:\/\/arcanum.si\/#organization"},"potentialAction":[{"@type":"SearchAction","target":{"@type":"EntryPoint","urlTemplate":"https:\/\/arcanum.si\/?s={search_term_string}"},"query-input":{"@type":"PropertyValueSpecification","valueRequired":true,"valueName":"search_term_string"}}],"inLanguage":"sl-SI"},{"@type":"Organization","@id":"https:\/\/arcanum.si\/#organization","name":"www.arcanum.si","url":"https:\/\/arcanum.si\/","logo":{"@type":"ImageObject","inLanguage":"sl-SI","@id":"https:\/\/arcanum.si\/#\/schema\/logo\/image\/","url":"https:\/\/arcanum.si\/wp-content\/uploads\/2023\/01\/ARCANUM-CIRCLE-LOGO66.jpg","contentUrl":"https:\/\/arcanum.si\/wp-content\/uploads\/2023\/01\/ARCANUM-CIRCLE-LOGO66.jpg","width":240,"height":240,"caption":"www.arcanum.si"},"image":{"@id":"https:\/\/arcanum.si\/#\/schema\/logo\/image\/"}}]}},"uagb_featured_image_src":{"full":false,"thumbnail":false,"medium":false,"medium_large":false,"large":false,"1536x1536":false,"2048x2048":false,"featured-image":false,"profile-pic":false},"uagb_author_info":{"display_name":"Maja Barle","author_link":"https:\/\/arcanum.si\/?author=1"},"uagb_comment_info":0,"uagb_excerpt":"Za prijavo na terapijo, 15 min brezpla\u010den posvet ali kakr\u0161nakoli druga vpra\u0161anje mi lahko po\u0161ljete na email:\u00a0 \u00a0\u00a0maja@arcanum.si ali preko spodnjega OBRAZCA . Storitev ne nadome\u0161\u010da zdravni\u0161ke obravnave in se stranka zanjo odlo\u010di na lastno odgovornost! Podjetje: Maja Barle s.p, Kolodvorska cesta 2, Gr","_links":{"self":[{"href":"https:\/\/arcanum.si\/index.php?rest_route=\/wp\/v2\/pages\/115","targetHints":{"allow":["GET"]}}],"collection":[{"href":"https:\/\/arcanum.si\/index.php?rest_route=\/wp\/v2\/pages"}],"about":[{"href":"https:\/\/arcanum.si\/index.php?rest_route=\/wp\/v2\/types\/page"}],"author":[{"embeddable":true,"href":"https:\/\/arcanum.si\/index.php?rest_route=\/wp\/v2\/users\/1"}],"replies":[{"embeddable":true,"href":"https:\/\/arcanum.si\/index.php?rest_route=%2Fwp%2Fv2%2Fcomments&post=115"}],"version-history":[{"count":32,"href":"https:\/\/arcanum.si\/index.php?rest_route=\/wp\/v2\/pages\/115\/revisions"}],"predecessor-version":[{"id":1064,"href":"https:\/\/arcanum.si\/index.php?rest_route=\/wp\/v2\/pages\/115\/revisions\/1064"}],"wp:attachment":[{"href":"https:\/\/arcanum.si\/index.php?rest_route=%2Fwp%2Fv2%2Fmedia&parent=115"}],"curies":[{"name":"wp","href":"https:\/\/api.w.org\/{rel}","templated":true}]}}