{"id":346,"date":"2023-01-11T13:31:51","date_gmt":"2023-01-11T12:31:51","guid":{"rendered":"https:\/\/arcanum.si\/?page_id=346"},"modified":"2025-01-14T15:09:53","modified_gmt":"2025-01-14T14:09:53","slug":"eft-tapkanje-prirocnik-2","status":"publish","type":"page","link":"https:\/\/arcanum.si\/?page_id=346","title":{"rendered":"EFT PRIRO\u010cNIK"},"content":{"rendered":"\n<p><\/p>\n\n\n<p style=\"text-align: justify;\">V nadaljevanju vam prilagam EFT priro\u010dnik, katerega je napisal utemeljitelj te metode- Gary Craig in ga brezpla\u010dno objavil na svoji spletni strani.<\/p>\n<p style=\"text-align: justify;\">Priro\u010dnik vam prilagam z namenom, da si lahko o sami tehniki preberete \u0161e ve\u010d, kajti priro\u010dnik je napisan resni\u010dno na poljuden na\u010din in s kratkimi nasveti kako lahko sami za\u010dnete z uporabo te u\u010dinkovite tehnike.<\/p>\n<p style=\"text-align: justify;\">Vendar naj poudarim, \u010de niste izku\u0161en uporabnik ali tehnike ne poznate dovolj dobro, se boste pri va\u0161i te\u017eavi lahko osredoto\u010dali le na povr\u0161inske stvari in ne boste raziskali dovolj v globino, kjer pa je dejansko vzrok va\u0161e te\u017eave. In \u010de ne odstranite vzroka, se bo va\u0161a te\u017eava vra\u010dala. Zato za zahtevnej\u0161e in obse\u017enej\u0161e stvari poi\u0161\u010dite pomo\u010d izku\u0161enega izvajalca.<\/p>\n\n\n<p><\/p>\n\n\n\n<div data-wp-interactive=\"core\/file\" class=\"wp-block-file alignleft\"><object data-wp-bind--hidden=\"!state.hasPdfPreview\" hidden class=\"wp-block-file__embed\" data=\"https:\/\/arcanum.si\/wp-content\/uploads\/2024\/12\/EFT-TAPKANJE-prirocnik.pdf\" type=\"application\/pdf\" style=\"width:100%;height:600px\" aria-label=\"Vdelava EFT TAPKANJE priro\u010dnik\"><\/object><a id=\"wp-block-file--media-554d118f-423a-4b6b-ba04-430c00c4bbb7\" href=\"https:\/\/arcanum.si\/wp-content\/uploads\/2024\/12\/EFT-TAPKANJE-prirocnik.pdf\">EFT TAPKANJE priro\u010dnik<\/a><a href=\"https:\/\/arcanum.si\/wp-content\/uploads\/2024\/12\/EFT-TAPKANJE-prirocnik.pdf\" class=\"wp-block-file__button wp-element-button\" download aria-describedby=\"wp-block-file--media-554d118f-423a-4b6b-ba04-430c00c4bbb7\">Prenos<\/a><\/div>\n\n\n\n<p><\/p>\n\n\n\n<p><\/p>\n\n\n\n<p><\/p>\n\n\n\n<p><\/p>\n\n\n\n<p><\/p>\n\n\n\n<p><\/p>\n\n\n\n<p><\/p>\n\n\n\n<p><\/p>\n\n\n\n<p><\/p>\n\n\n\n<p><\/p>\n\n\n\n<p><\/p>\n\n\n\n<p><\/p>\n\n\n\n<p><strong>Priro\u010dnik si lahko prenesete s klikom na gumb &#8220;Prenos&#8221; .<\/strong><\/p>\n\n\n\n<p><\/p>\n","protected":false},"excerpt":{"rendered":"<p>V nadaljevanju vam prilagam EFT priro\u010dnik, katerega je napisal utemeljitelj te metode- Gary Craig in ga brezpla\u010dno objavil na svoji spletni strani. Priro\u010dnik vam prilagam z namenom, da si lahko o sami tehniki preberete \u0161e ve\u010d, kajti priro\u010dnik je napisan resni\u010dno na poljuden na\u010din in s kratkimi nasveti kako lahko sami za\u010dnete z uporabo te [&hellip;]<\/p>\n","protected":false},"author":1,"featured_media":374,"parent":0,"menu_order":0,"comment_status":"closed","ping_status":"closed","template":"","meta":{"_uag_custom_page_level_css":"","_genesis_hide_title":false,"_genesis_hide_breadcrumbs":false,"_genesis_hide_singular_image":false,"_genesis_hide_footer_widgets":false,"_genesis_custom_body_class":"","_genesis_custom_post_class":"","_genesis_layout":"","footnotes":""},"class_list":{"0":"post-346","1":"page","2":"type-page","3":"status-publish","4":"has-post-thumbnail","6":"entry"},"yoast_head":"<!-- This site is optimized with the Yoast SEO plugin v24.1 - https:\/\/yoast.com\/wordpress\/plugins\/seo\/ -->\n<title>EFT PRIRO\u010cNIK - prenesi si TUKAJ<\/title>\n<meta name=\"description\" content=\"V nadaljevanju vam prilagam EFT priro\u010dnik, katerega je napisal utemeljitelj te metode- Gary Craig in ga brezpla\u010dno objavil na svoji spletni strani. PRENESI SI\" \/>\n<meta name=\"robots\" content=\"index, follow, max-snippet:-1, max-image-preview:large, max-video-preview:-1\" \/>\n<link rel=\"canonical\" href=\"https:\/\/arcanum.si\/?page_id=346\" \/>\n<meta property=\"og:locale\" content=\"sl_SI\" \/>\n<meta property=\"og:type\" content=\"article\" \/>\n<meta property=\"og:title\" content=\"EFT PRIRO\u010cNIK - prenesi si TUKAJ\" \/>\n<meta property=\"og:description\" content=\"V nadaljevanju vam prilagam EFT priro\u010dnik, katerega je napisal utemeljitelj te metode- Gary Craig in ga brezpla\u010dno objavil na svoji spletni strani. PRENESI SI\" \/>\n<meta property=\"og:url\" content=\"https:\/\/arcanum.si\/?page_id=346\" \/>\n<meta property=\"og:site_name\" content=\"www.arcanum.si\" \/>\n<meta property=\"article:modified_time\" content=\"2025-01-14T14:09:53+00:00\" \/>\n<meta property=\"og:image\" content=\"https:\/\/arcanum.si\/wp-content\/uploads\/2023\/01\/EFT-PRIROCNIK.jpg\" \/>\n\t<meta property=\"og:image:width\" content=\"507\" \/>\n\t<meta property=\"og:image:height\" content=\"687\" \/>\n\t<meta property=\"og:image:type\" content=\"image\/jpeg\" \/>\n<meta name=\"twitter:card\" content=\"summary_large_image\" \/>\n<meta name=\"twitter:label1\" content=\"Est. reading time\" \/>\n\t<meta name=\"twitter:data1\" content=\"1 minuta\" \/>\n<script type=\"application\/ld+json\" class=\"yoast-schema-graph\">{\"@context\":\"https:\/\/schema.org\",\"@graph\":[{\"@type\":\"WebPage\",\"@id\":\"https:\/\/arcanum.si\/?page_id=346\",\"url\":\"https:\/\/arcanum.si\/?page_id=346\",\"name\":\"EFT PRIRO\u010cNIK - prenesi si TUKAJ\",\"isPartOf\":{\"@id\":\"https:\/\/arcanum.si\/#website\"},\"primaryImageOfPage\":{\"@id\":\"https:\/\/arcanum.si\/?page_id=346#primaryimage\"},\"image\":{\"@id\":\"https:\/\/arcanum.si\/?page_id=346#primaryimage\"},\"thumbnailUrl\":\"https:\/\/arcanum.si\/wp-content\/uploads\/2023\/01\/EFT-PRIROCNIK.jpg\",\"datePublished\":\"2023-01-11T12:31:51+00:00\",\"dateModified\":\"2025-01-14T14:09:53+00:00\",\"description\":\"V nadaljevanju vam prilagam EFT priro\u010dnik, katerega je napisal utemeljitelj te metode- Gary Craig in ga brezpla\u010dno objavil na svoji spletni strani. PRENESI SI\",\"breadcrumb\":{\"@id\":\"https:\/\/arcanum.si\/?page_id=346#breadcrumb\"},\"inLanguage\":\"sl-SI\",\"potentialAction\":[{\"@type\":\"ReadAction\",\"target\":[\"https:\/\/arcanum.si\/?page_id=346\"]}]},{\"@type\":\"ImageObject\",\"inLanguage\":\"sl-SI\",\"@id\":\"https:\/\/arcanum.si\/?page_id=346#primaryimage\",\"url\":\"https:\/\/arcanum.si\/wp-content\/uploads\/2023\/01\/EFT-PRIROCNIK.jpg\",\"contentUrl\":\"https:\/\/arcanum.si\/wp-content\/uploads\/2023\/01\/EFT-PRIROCNIK.jpg\",\"width\":507,\"height\":687},{\"@type\":\"BreadcrumbList\",\"@id\":\"https:\/\/arcanum.si\/?page_id=346#breadcrumb\",\"itemListElement\":[{\"@type\":\"ListItem\",\"position\":1,\"name\":\"Home\",\"item\":\"https:\/\/arcanum.si\/\"},{\"@type\":\"ListItem\",\"position\":2,\"name\":\"EFT PRIRO\u010cNIK\"}]},{\"@type\":\"WebSite\",\"@id\":\"https:\/\/arcanum.si\/#website\",\"url\":\"https:\/\/arcanum.si\/\",\"name\":\"www.arcanum.si\",\"description\":\"EFT TAPKANJE\",\"publisher\":{\"@id\":\"https:\/\/arcanum.si\/#organization\"},\"potentialAction\":[{\"@type\":\"SearchAction\",\"target\":{\"@type\":\"EntryPoint\",\"urlTemplate\":\"https:\/\/arcanum.si\/?s={search_term_string}\"},\"query-input\":{\"@type\":\"PropertyValueSpecification\",\"valueRequired\":true,\"valueName\":\"search_term_string\"}}],\"inLanguage\":\"sl-SI\"},{\"@type\":\"Organization\",\"@id\":\"https:\/\/arcanum.si\/#organization\",\"name\":\"www.arcanum.si\",\"url\":\"https:\/\/arcanum.si\/\",\"logo\":{\"@type\":\"ImageObject\",\"inLanguage\":\"sl-SI\",\"@id\":\"https:\/\/arcanum.si\/#\/schema\/logo\/image\/\",\"url\":\"https:\/\/arcanum.si\/wp-content\/uploads\/2023\/01\/ARCANUM-CIRCLE-LOGO66.jpg\",\"contentUrl\":\"https:\/\/arcanum.si\/wp-content\/uploads\/2023\/01\/ARCANUM-CIRCLE-LOGO66.jpg\",\"width\":240,\"height\":240,\"caption\":\"www.arcanum.si\"},\"image\":{\"@id\":\"https:\/\/arcanum.si\/#\/schema\/logo\/image\/\"}}]}<\/script>\n<!-- \/ Yoast SEO plugin. -->","yoast_head_json":{"title":"EFT PRIRO\u010cNIK - prenesi si TUKAJ","description":"V nadaljevanju vam prilagam EFT priro\u010dnik, katerega je napisal utemeljitelj te metode- Gary Craig in ga brezpla\u010dno objavil na svoji spletni strani. PRENESI SI","robots":{"index":"index","follow":"follow","max-snippet":"max-snippet:-1","max-image-preview":"max-image-preview:large","max-video-preview":"max-video-preview:-1"},"canonical":"https:\/\/arcanum.si\/?page_id=346","og_locale":"sl_SI","og_type":"article","og_title":"EFT PRIRO\u010cNIK - prenesi si TUKAJ","og_description":"V nadaljevanju vam prilagam EFT priro\u010dnik, katerega je napisal utemeljitelj te metode- Gary Craig in ga brezpla\u010dno objavil na svoji spletni strani. PRENESI SI","og_url":"https:\/\/arcanum.si\/?page_id=346","og_site_name":"www.arcanum.si","article_modified_time":"2025-01-14T14:09:53+00:00","og_image":[{"width":507,"height":687,"url":"https:\/\/arcanum.si\/wp-content\/uploads\/2023\/01\/EFT-PRIROCNIK.jpg","type":"image\/jpeg"}],"twitter_card":"summary_large_image","twitter_misc":{"Est. reading time":"1 minuta"},"schema":{"@context":"https:\/\/schema.org","@graph":[{"@type":"WebPage","@id":"https:\/\/arcanum.si\/?page_id=346","url":"https:\/\/arcanum.si\/?page_id=346","name":"EFT PRIRO\u010cNIK - prenesi si TUKAJ","isPartOf":{"@id":"https:\/\/arcanum.si\/#website"},"primaryImageOfPage":{"@id":"https:\/\/arcanum.si\/?page_id=346#primaryimage"},"image":{"@id":"https:\/\/arcanum.si\/?page_id=346#primaryimage"},"thumbnailUrl":"https:\/\/arcanum.si\/wp-content\/uploads\/2023\/01\/EFT-PRIROCNIK.jpg","datePublished":"2023-01-11T12:31:51+00:00","dateModified":"2025-01-14T14:09:53+00:00","description":"V nadaljevanju vam prilagam EFT priro\u010dnik, katerega je napisal utemeljitelj te metode- Gary Craig in ga brezpla\u010dno objavil na svoji spletni strani. PRENESI SI","breadcrumb":{"@id":"https:\/\/arcanum.si\/?page_id=346#breadcrumb"},"inLanguage":"sl-SI","potentialAction":[{"@type":"ReadAction","target":["https:\/\/arcanum.si\/?page_id=346"]}]},{"@type":"ImageObject","inLanguage":"sl-SI","@id":"https:\/\/arcanum.si\/?page_id=346#primaryimage","url":"https:\/\/arcanum.si\/wp-content\/uploads\/2023\/01\/EFT-PRIROCNIK.jpg","contentUrl":"https:\/\/arcanum.si\/wp-content\/uploads\/2023\/01\/EFT-PRIROCNIK.jpg","width":507,"height":687},{"@type":"BreadcrumbList","@id":"https:\/\/arcanum.si\/?page_id=346#breadcrumb","itemListElement":[{"@type":"ListItem","position":1,"name":"Home","item":"https:\/\/arcanum.si\/"},{"@type":"ListItem","position":2,"name":"EFT PRIRO\u010cNIK"}]},{"@type":"WebSite","@id":"https:\/\/arcanum.si\/#website","url":"https:\/\/arcanum.si\/","name":"www.arcanum.si","description":"EFT TAPKANJE","publisher":{"@id":"https:\/\/arcanum.si\/#organization"},"potentialAction":[{"@type":"SearchAction","target":{"@type":"EntryPoint","urlTemplate":"https:\/\/arcanum.si\/?s={search_term_string}"},"query-input":{"@type":"PropertyValueSpecification","valueRequired":true,"valueName":"search_term_string"}}],"inLanguage":"sl-SI"},{"@type":"Organization","@id":"https:\/\/arcanum.si\/#organization","name":"www.arcanum.si","url":"https:\/\/arcanum.si\/","logo":{"@type":"ImageObject","inLanguage":"sl-SI","@id":"https:\/\/arcanum.si\/#\/schema\/logo\/image\/","url":"https:\/\/arcanum.si\/wp-content\/uploads\/2023\/01\/ARCANUM-CIRCLE-LOGO66.jpg","contentUrl":"https:\/\/arcanum.si\/wp-content\/uploads\/2023\/01\/ARCANUM-CIRCLE-LOGO66.jpg","width":240,"height":240,"caption":"www.arcanum.si"},"image":{"@id":"https:\/\/arcanum.si\/#\/schema\/logo\/image\/"}}]}},"uagb_featured_image_src":{"full":["https:\/\/arcanum.si\/wp-content\/uploads\/2023\/01\/EFT-PRIROCNIK.jpg",507,687,false],"thumbnail":["https:\/\/arcanum.si\/wp-content\/uploads\/2023\/01\/EFT-PRIROCNIK-150x150.jpg",150,150,true],"medium":["https:\/\/arcanum.si\/wp-content\/uploads\/2023\/01\/EFT-PRIROCNIK-221x300.jpg",221,300,true],"medium_large":["https:\/\/arcanum.si\/wp-content\/uploads\/2023\/01\/EFT-PRIROCNIK.jpg",507,687,false],"large":["https:\/\/arcanum.si\/wp-content\/uploads\/2023\/01\/EFT-PRIROCNIK.jpg",507,687,false],"1536x1536":["https:\/\/arcanum.si\/wp-content\/uploads\/2023\/01\/EFT-PRIROCNIK.jpg",507,687,false],"2048x2048":["https:\/\/arcanum.si\/wp-content\/uploads\/2023\/01\/EFT-PRIROCNIK.jpg",507,687,false],"featured-image":["https:\/\/arcanum.si\/wp-content\/uploads\/2023\/01\/EFT-PRIROCNIK.jpg",507,687,false],"profile-pic":["https:\/\/arcanum.si\/wp-content\/uploads\/2023\/01\/EFT-PRIROCNIK-262x262.jpg",262,262,true]},"uagb_author_info":{"display_name":"Maja Barle","author_link":"https:\/\/arcanum.si\/?author=1"},"uagb_comment_info":0,"uagb_excerpt":"V nadaljevanju vam prilagam EFT priro\u010dnik, katerega je napisal utemeljitelj te metode- Gary Craig in ga brezpla\u010dno objavil na svoji spletni strani. Priro\u010dnik vam prilagam z namenom, da si lahko o sami tehniki preberete \u0161e ve\u010d, kajti priro\u010dnik je napisan resni\u010dno na poljuden na\u010din in s kratkimi nasveti kako lahko sami za\u010dnete z uporabo te&hellip;","_links":{"self":[{"href":"https:\/\/arcanum.si\/index.php?rest_route=\/wp\/v2\/pages\/346","targetHints":{"allow":["GET"]}}],"collection":[{"href":"https:\/\/arcanum.si\/index.php?rest_route=\/wp\/v2\/pages"}],"about":[{"href":"https:\/\/arcanum.si\/index.php?rest_route=\/wp\/v2\/types\/page"}],"author":[{"embeddable":true,"href":"https:\/\/arcanum.si\/index.php?rest_route=\/wp\/v2\/users\/1"}],"replies":[{"embeddable":true,"href":"https:\/\/arcanum.si\/index.php?rest_route=%2Fwp%2Fv2%2Fcomments&post=346"}],"version-history":[{"count":19,"href":"https:\/\/arcanum.si\/index.php?rest_route=\/wp\/v2\/pages\/346\/revisions"}],"predecessor-version":[{"id":921,"href":"https:\/\/arcanum.si\/index.php?rest_route=\/wp\/v2\/pages\/346\/revisions\/921"}],"wp:featuredmedia":[{"embeddable":true,"href":"https:\/\/arcanum.si\/index.php?rest_route=\/wp\/v2\/media\/374"}],"wp:attachment":[{"href":"https:\/\/arcanum.si\/index.php?rest_route=%2Fwp%2Fv2%2Fmedia&parent=346"}],"curies":[{"name":"wp","href":"https:\/\/api.w.org\/{rel}","templated":true}]}}