{"id":351,"date":"2023-01-11T13:32:45","date_gmt":"2023-01-11T12:32:45","guid":{"rendered":"https:\/\/arcanum.si\/?page_id=351"},"modified":"2025-01-14T15:00:48","modified_gmt":"2025-01-14T14:00:48","slug":"tapkanje-tocke-tocke-na-telesu-eft-tocke","status":"publish","type":"page","link":"https:\/\/arcanum.si\/?page_id=351","title":{"rendered":"POTEK TERAPIJE"},"content":{"rendered":"\n<p><\/p>\n\n\n<p style=\"text-align: justify;\">Po uvodnem pogovoru in prepoznavanju vzroka te\u017eave, se lotimo terapije. Ta poteka tako, da vas vodim, da med pogovorom s konicami prstov ne\u017eno udarjate po akupunkturnih to\u010dkah (na obrazu in zgornjem delu telesa) ob tem ko obravnavamo dolo\u010deno te\u017eavo.<\/p>\n<p style=\"text-align: justify;\">Celoten proces je zelo enostaven in ga v celoti vodim jaz, tako da vam ni potrebno razmi\u0161ljati kaj sledi in kaj bi morali izre\u010di.<\/p>\n<p style=\"text-align: justify;\">Terapije potekajo iz udobja va\u0161ega doma, preko video povezave ZOOM. Online terapije imajo \u0161tevilne prednosti:<\/p>\n<ul>\n<li>ni vam potrebno skrbeti za vo\u017enjo in iskanje parkiri\u0161\u010da, s \u010dimer prihranite \u010das<\/li>\n<li>manj stresa in nelagodja, zaradi \u010desar na terapijo pridete bolj umirjeni<\/li>\n<li>v va\u0161em domu se po\u010dutite varno, zato se la\u017eje sprostite in odprete<\/li>\n<li>la\u017eje se osredoto\u010dite na tapkanje in svoje \u010dutenje, kar je klju\u010dno za uspe\u0161no terapijo<\/li>\n<li>enaka ali ve\u010dja u\u010dinkovitost kot pri sre\u010danjih v \u017eivo<\/li>\n<li>dalj\u0161a ohrnitev ob\u010dutkov spro\u0161\u010denosti po terapiji<\/li>\n<li>prihranek \u010dasa in energije<\/li>\n<li>dostopnost- kjerkoli se nahajate<\/li>\n<\/ul>\n\n\n<p>EFT tapkanje preko Zooma vam omogo\u010da re\u0161evanje \u010dustvenih izzivov na na\u010din, ki je najbolj udoben za vas in z mojim vodenjem boste dosegli notranjo uravnote\u017eenost, ne glede na to, kje se nahajate.<\/p>\n\n\n<p><strong>TAPKANJE TO\u010cKE:\u00a0\u00a0<\/strong><\/p>\n<p>To\u010dke na telesu, po katerih tapkamo, so kon\u010dne to\u010dke meridianov ali energijskih poti, ki jih poznamo iz tradicionalne kitajske medicine in se nahajajo:<\/p>\n<figure id=\"attachment_91\" aria-describedby=\"caption-attachment-91\" style=\"width: 234px\" class=\"wp-caption alignright\"><img loading=\"lazy\" decoding=\"async\" class=\"wp-image-91 size-medium\" src=\"https:\/\/arcanum.si\/wp-content\/uploads\/2023\/01\/EFT-TOCKE-za-tapkanje-234x300.jpg\" alt=\"EFT TAPKANJE, TO\u010cKE NA TELESU NA KATERE TAPKAMO\" width=\"234\" height=\"300\" srcset=\"https:\/\/arcanum.si\/wp-content\/uploads\/2023\/01\/EFT-TOCKE-za-tapkanje-234x300.jpg 234w, https:\/\/arcanum.si\/wp-content\/uploads\/2023\/01\/EFT-TOCKE-za-tapkanje.jpg 671w\" sizes=\"auto, (max-width: 234px) 100vw, 234px\" \/><figcaption id=\"caption-attachment-91\" class=\"wp-caption-text\">TAPKANJE TO\u010cKE<\/figcaption><\/figure>\n<ul>\n<li>-na za\u010detku obrvi\u00a0 \u00a0 \u00a0 \u00a0 \u00a0 \u00a0 \u00a0 \u00a0 \u00a0 \u00a0 \u00a0 \u00a0 \u00a0 \u00a0 \u00a0 \u00a0 \u00a0 \u00a0 \u00a0 \u00a0 \u00a0 \u00a0 \u00a0 \u00a0 \u00a0 \u00a0 \u00a0 \u00a0 \u00a0 \u00a0 \u00a0 \u00a0<\/li>\n<li>&#8211; ob o\u010desu<\/li>\n<li>&#8211; pod o\u010desom<\/li>\n<li>&#8211; pod nosom<\/li>\n<li>&#8211; pod ustnico<\/li>\n<li>&#8211; pod klju\u010dnico<\/li>\n<li>&#8211; ob robu telesa za eno dlan pod pazduho,<\/li>\n<li>&#8211; na roki: ob nohtu palca, kazalca, sredinca in mezinca<\/li>\n<li>&#8211; in na vrhu glave<\/li>\n<\/ul>","protected":false},"excerpt":{"rendered":"<p>Po uvodnem pogovoru in prepoznavanju vzroka te\u017eave, se lotimo terapije. Ta poteka tako, da vas vodim, da med pogovorom s konicami prstov ne\u017eno udarjate po akupunkturnih to\u010dkah (na obrazu in zgornjem delu telesa) ob tem ko obravnavamo dolo\u010deno te\u017eavo. Celoten proces je zelo enostaven in ga v celoti vodim jaz, tako da vam ni potrebno [&hellip;]<\/p>\n","protected":false},"author":1,"featured_media":0,"parent":0,"menu_order":0,"comment_status":"closed","ping_status":"closed","template":"","meta":{"_uag_custom_page_level_css":"","_genesis_hide_title":false,"_genesis_hide_breadcrumbs":false,"_genesis_hide_singular_image":false,"_genesis_hide_footer_widgets":false,"_genesis_custom_body_class":"","_genesis_custom_post_class":"","_genesis_layout":"","footnotes":""},"class_list":{"0":"post-351","1":"page","2":"type-page","3":"status-publish","5":"entry"},"yoast_head":"<!-- This site is optimized with the Yoast SEO plugin v24.1 - https:\/\/yoast.com\/wordpress\/plugins\/seo\/ -->\n<title>EFT POTEK TERAPIJE - TAPKANJE TO\u010cKE<\/title>\n<meta name=\"description\" content=\"EFT tapkanje: to\u010dke na telesu, po katerih tapkamo, so kon\u010dne to\u010dke meridianov in so najbolj u\u010dinkovite to\u010dke,... IZVEDI VE\u010c\" \/>\n<meta name=\"robots\" content=\"index, follow, max-snippet:-1, max-image-preview:large, max-video-preview:-1\" \/>\n<link rel=\"canonical\" href=\"https:\/\/arcanum.si\/?page_id=351\" \/>\n<meta property=\"og:locale\" content=\"sl_SI\" \/>\n<meta property=\"og:type\" content=\"article\" \/>\n<meta property=\"og:title\" content=\"EFT POTEK TERAPIJE - TAPKANJE TO\u010cKE\" \/>\n<meta property=\"og:description\" content=\"EFT tapkanje: to\u010dke na telesu, po katerih tapkamo, so kon\u010dne to\u010dke meridianov in so najbolj u\u010dinkovite to\u010dke,... IZVEDI VE\u010c\" \/>\n<meta property=\"og:url\" content=\"https:\/\/arcanum.si\/?page_id=351\" \/>\n<meta property=\"og:site_name\" content=\"www.arcanum.si\" \/>\n<meta property=\"article:modified_time\" content=\"2025-01-14T14:00:48+00:00\" \/>\n<meta property=\"og:image\" content=\"https:\/\/arcanum.si\/wp-content\/uploads\/2023\/01\/EFT-TOCKE-za-tapkanje.jpg\" \/>\n\t<meta property=\"og:image:width\" content=\"671\" \/>\n\t<meta property=\"og:image:height\" content=\"862\" \/>\n\t<meta property=\"og:image:type\" content=\"image\/jpeg\" \/>\n<meta name=\"twitter:card\" content=\"summary_large_image\" \/>\n<meta name=\"twitter:label1\" content=\"Est. reading time\" \/>\n\t<meta name=\"twitter:data1\" content=\"2 minuti\" \/>\n<script type=\"application\/ld+json\" class=\"yoast-schema-graph\">{\"@context\":\"https:\/\/schema.org\",\"@graph\":[{\"@type\":\"WebPage\",\"@id\":\"https:\/\/arcanum.si\/?page_id=351\",\"url\":\"https:\/\/arcanum.si\/?page_id=351\",\"name\":\"EFT POTEK TERAPIJE - TAPKANJE TO\u010cKE\",\"isPartOf\":{\"@id\":\"https:\/\/arcanum.si\/#website\"},\"primaryImageOfPage\":{\"@id\":\"https:\/\/arcanum.si\/?page_id=351#primaryimage\"},\"image\":{\"@id\":\"https:\/\/arcanum.si\/?page_id=351#primaryimage\"},\"thumbnailUrl\":\"https:\/\/arcanum.si\/wp-content\/uploads\/2023\/01\/EFT-TOCKE-za-tapkanje-234x300.jpg\",\"datePublished\":\"2023-01-11T12:32:45+00:00\",\"dateModified\":\"2025-01-14T14:00:48+00:00\",\"description\":\"EFT tapkanje: to\u010dke na telesu, po katerih tapkamo, so kon\u010dne to\u010dke meridianov in so najbolj u\u010dinkovite to\u010dke,... IZVEDI VE\u010c\",\"breadcrumb\":{\"@id\":\"https:\/\/arcanum.si\/?page_id=351#breadcrumb\"},\"inLanguage\":\"sl-SI\",\"potentialAction\":[{\"@type\":\"ReadAction\",\"target\":[\"https:\/\/arcanum.si\/?page_id=351\"]}]},{\"@type\":\"ImageObject\",\"inLanguage\":\"sl-SI\",\"@id\":\"https:\/\/arcanum.si\/?page_id=351#primaryimage\",\"url\":\"https:\/\/arcanum.si\/wp-content\/uploads\/2023\/01\/EFT-TOCKE-za-tapkanje.jpg\",\"contentUrl\":\"https:\/\/arcanum.si\/wp-content\/uploads\/2023\/01\/EFT-TOCKE-za-tapkanje.jpg\",\"width\":671,\"height\":862},{\"@type\":\"BreadcrumbList\",\"@id\":\"https:\/\/arcanum.si\/?page_id=351#breadcrumb\",\"itemListElement\":[{\"@type\":\"ListItem\",\"position\":1,\"name\":\"Home\",\"item\":\"https:\/\/arcanum.si\/\"},{\"@type\":\"ListItem\",\"position\":2,\"name\":\"POTEK TERAPIJE\"}]},{\"@type\":\"WebSite\",\"@id\":\"https:\/\/arcanum.si\/#website\",\"url\":\"https:\/\/arcanum.si\/\",\"name\":\"www.arcanum.si\",\"description\":\"EFT TAPKANJE\",\"publisher\":{\"@id\":\"https:\/\/arcanum.si\/#organization\"},\"potentialAction\":[{\"@type\":\"SearchAction\",\"target\":{\"@type\":\"EntryPoint\",\"urlTemplate\":\"https:\/\/arcanum.si\/?s={search_term_string}\"},\"query-input\":{\"@type\":\"PropertyValueSpecification\",\"valueRequired\":true,\"valueName\":\"search_term_string\"}}],\"inLanguage\":\"sl-SI\"},{\"@type\":\"Organization\",\"@id\":\"https:\/\/arcanum.si\/#organization\",\"name\":\"www.arcanum.si\",\"url\":\"https:\/\/arcanum.si\/\",\"logo\":{\"@type\":\"ImageObject\",\"inLanguage\":\"sl-SI\",\"@id\":\"https:\/\/arcanum.si\/#\/schema\/logo\/image\/\",\"url\":\"https:\/\/arcanum.si\/wp-content\/uploads\/2023\/01\/ARCANUM-CIRCLE-LOGO66.jpg\",\"contentUrl\":\"https:\/\/arcanum.si\/wp-content\/uploads\/2023\/01\/ARCANUM-CIRCLE-LOGO66.jpg\",\"width\":240,\"height\":240,\"caption\":\"www.arcanum.si\"},\"image\":{\"@id\":\"https:\/\/arcanum.si\/#\/schema\/logo\/image\/\"}}]}<\/script>\n<!-- \/ Yoast SEO plugin. -->","yoast_head_json":{"title":"EFT POTEK TERAPIJE - TAPKANJE TO\u010cKE","description":"EFT tapkanje: to\u010dke na telesu, po katerih tapkamo, so kon\u010dne to\u010dke meridianov in so najbolj u\u010dinkovite to\u010dke,... IZVEDI VE\u010c","robots":{"index":"index","follow":"follow","max-snippet":"max-snippet:-1","max-image-preview":"max-image-preview:large","max-video-preview":"max-video-preview:-1"},"canonical":"https:\/\/arcanum.si\/?page_id=351","og_locale":"sl_SI","og_type":"article","og_title":"EFT POTEK TERAPIJE - TAPKANJE TO\u010cKE","og_description":"EFT tapkanje: to\u010dke na telesu, po katerih tapkamo, so kon\u010dne to\u010dke meridianov in so najbolj u\u010dinkovite to\u010dke,... IZVEDI VE\u010c","og_url":"https:\/\/arcanum.si\/?page_id=351","og_site_name":"www.arcanum.si","article_modified_time":"2025-01-14T14:00:48+00:00","og_image":[{"width":671,"height":862,"url":"https:\/\/arcanum.si\/wp-content\/uploads\/2023\/01\/EFT-TOCKE-za-tapkanje.jpg","type":"image\/jpeg"}],"twitter_card":"summary_large_image","twitter_misc":{"Est. reading time":"2 minuti"},"schema":{"@context":"https:\/\/schema.org","@graph":[{"@type":"WebPage","@id":"https:\/\/arcanum.si\/?page_id=351","url":"https:\/\/arcanum.si\/?page_id=351","name":"EFT POTEK TERAPIJE - TAPKANJE TO\u010cKE","isPartOf":{"@id":"https:\/\/arcanum.si\/#website"},"primaryImageOfPage":{"@id":"https:\/\/arcanum.si\/?page_id=351#primaryimage"},"image":{"@id":"https:\/\/arcanum.si\/?page_id=351#primaryimage"},"thumbnailUrl":"https:\/\/arcanum.si\/wp-content\/uploads\/2023\/01\/EFT-TOCKE-za-tapkanje-234x300.jpg","datePublished":"2023-01-11T12:32:45+00:00","dateModified":"2025-01-14T14:00:48+00:00","description":"EFT tapkanje: to\u010dke na telesu, po katerih tapkamo, so kon\u010dne to\u010dke meridianov in so najbolj u\u010dinkovite to\u010dke,... IZVEDI VE\u010c","breadcrumb":{"@id":"https:\/\/arcanum.si\/?page_id=351#breadcrumb"},"inLanguage":"sl-SI","potentialAction":[{"@type":"ReadAction","target":["https:\/\/arcanum.si\/?page_id=351"]}]},{"@type":"ImageObject","inLanguage":"sl-SI","@id":"https:\/\/arcanum.si\/?page_id=351#primaryimage","url":"https:\/\/arcanum.si\/wp-content\/uploads\/2023\/01\/EFT-TOCKE-za-tapkanje.jpg","contentUrl":"https:\/\/arcanum.si\/wp-content\/uploads\/2023\/01\/EFT-TOCKE-za-tapkanje.jpg","width":671,"height":862},{"@type":"BreadcrumbList","@id":"https:\/\/arcanum.si\/?page_id=351#breadcrumb","itemListElement":[{"@type":"ListItem","position":1,"name":"Home","item":"https:\/\/arcanum.si\/"},{"@type":"ListItem","position":2,"name":"POTEK TERAPIJE"}]},{"@type":"WebSite","@id":"https:\/\/arcanum.si\/#website","url":"https:\/\/arcanum.si\/","name":"www.arcanum.si","description":"EFT TAPKANJE","publisher":{"@id":"https:\/\/arcanum.si\/#organization"},"potentialAction":[{"@type":"SearchAction","target":{"@type":"EntryPoint","urlTemplate":"https:\/\/arcanum.si\/?s={search_term_string}"},"query-input":{"@type":"PropertyValueSpecification","valueRequired":true,"valueName":"search_term_string"}}],"inLanguage":"sl-SI"},{"@type":"Organization","@id":"https:\/\/arcanum.si\/#organization","name":"www.arcanum.si","url":"https:\/\/arcanum.si\/","logo":{"@type":"ImageObject","inLanguage":"sl-SI","@id":"https:\/\/arcanum.si\/#\/schema\/logo\/image\/","url":"https:\/\/arcanum.si\/wp-content\/uploads\/2023\/01\/ARCANUM-CIRCLE-LOGO66.jpg","contentUrl":"https:\/\/arcanum.si\/wp-content\/uploads\/2023\/01\/ARCANUM-CIRCLE-LOGO66.jpg","width":240,"height":240,"caption":"www.arcanum.si"},"image":{"@id":"https:\/\/arcanum.si\/#\/schema\/logo\/image\/"}}]}},"uagb_featured_image_src":{"full":false,"thumbnail":false,"medium":false,"medium_large":false,"large":false,"1536x1536":false,"2048x2048":false,"featured-image":false,"profile-pic":false},"uagb_author_info":{"display_name":"Maja Barle","author_link":"https:\/\/arcanum.si\/?author=1"},"uagb_comment_info":0,"uagb_excerpt":"Po uvodnem pogovoru in prepoznavanju vzroka te\u017eave, se lotimo terapije. Ta poteka tako, da vas vodim, da med pogovorom s konicami prstov ne\u017eno udarjate po akupunkturnih to\u010dkah (na obrazu in zgornjem delu telesa) ob tem ko obravnavamo dolo\u010deno te\u017eavo. Celoten proces je zelo enostaven in ga v celoti vodim jaz, tako da vam ni potrebno&hellip;","_links":{"self":[{"href":"https:\/\/arcanum.si\/index.php?rest_route=\/wp\/v2\/pages\/351","targetHints":{"allow":["GET"]}}],"collection":[{"href":"https:\/\/arcanum.si\/index.php?rest_route=\/wp\/v2\/pages"}],"about":[{"href":"https:\/\/arcanum.si\/index.php?rest_route=\/wp\/v2\/types\/page"}],"author":[{"embeddable":true,"href":"https:\/\/arcanum.si\/index.php?rest_route=\/wp\/v2\/users\/1"}],"replies":[{"embeddable":true,"href":"https:\/\/arcanum.si\/index.php?rest_route=%2Fwp%2Fv2%2Fcomments&post=351"}],"version-history":[{"count":14,"href":"https:\/\/arcanum.si\/index.php?rest_route=\/wp\/v2\/pages\/351\/revisions"}],"predecessor-version":[{"id":919,"href":"https:\/\/arcanum.si\/index.php?rest_route=\/wp\/v2\/pages\/351\/revisions\/919"}],"wp:attachment":[{"href":"https:\/\/arcanum.si\/index.php?rest_route=%2Fwp%2Fv2%2Fmedia&parent=351"}],"curies":[{"name":"wp","href":"https:\/\/api.w.org\/{rel}","templated":true}]}}