{"id":56,"date":"2023-01-05T11:27:16","date_gmt":"2023-01-05T10:27:16","guid":{"rendered":"http:\/\/arcanum.si\/?page_id=56"},"modified":"2025-08-01T10:09:33","modified_gmt":"2025-08-01T08:09:33","slug":"dobrodosli","status":"publish","type":"page","link":"https:\/\/arcanum.si\/","title":{"rendered":""},"content":{"rendered":"\n<div class=\"wp-block-group\"><div class=\"wp-block-group__inner-container is-layout-constrained wp-block-group-is-layout-constrained\">\n\n\n<p class=\"has-text-align-left\">Ste utrujeni od nenehnega soo\u010danja s&nbsp;<strong>STRESOM, TESNOBO IN TE\u017dKIMI \u010cUSTVI<\/strong>? Ob\u010dutite&nbsp;<strong>STISKO<\/strong>&nbsp;in zaradi nje pono\u010di ne morete spati? Vas bremenijo&nbsp;<strong>NEPRIJETNI SPOMINI iz PRETEKLOSTI<\/strong>&nbsp;ali pa imate dolo\u010dene&nbsp;<strong>STRAHOVE<\/strong>, ki si jih resni\u010dno \u017eelite prese\u010di?<\/p>\n\n\n\n<p>EFT tapkanje je preprosta tehnika, ki vam pomaga&nbsp;<strong>sprostiti vsa te\u017eka \u010dustva, vas osvobodi napetosti in pomaga, da poi\u0161\u010dete vzrok va\u0161ih te\u017eav. Vse z namenom, da se telo sprosti, vi pa boste spet \u017eiveli svobodno, lahkotno in sre\u010dno.<\/strong><\/p>\n\n\n\n<p>Sem Maja Barle, certificirana izvajalka EFT terapije \/ tapkanja, in sem tukaj, da vam pomagam na poti k bolj\u0161emu po\u010dutju in notranjemu ravnovesju.&nbsp;<strong>EFT je edinstvena metoda, ki zdru\u017euje elemente psihoterapije in akupresure. Med pogovorom o va\u0161i te\u017eavi, delujemo na spro\u0161\u010danju \u010dustvenih blokad in vzpostavljanju energijskega ravnovesja v telesu.<\/strong>&nbsp;Rezultati so hitri, u\u010dinkoviti in vam omogo\u010dajo trajne spremembe v va\u0161em \u017eivljenju.<\/p>\n\n\n\n<p class=\"has-text-align-left\">Vse terapije potekajo iz udobja va\u0161ega doma, online, preko video povezave.<\/p>\n<\/div><\/div>\n\n\n\n<div class=\"wp-block-buttons is-layout-flex wp-block-buttons-is-layout-flex\">\n<div class=\"wp-block-button is-style-fill\"><a class=\"wp-block-button__link wp-element-button\" href=\"https:\/\/arcanum.si\/?page_id=115\">NARO\u010cAM SE NA TERAPIJO<\/a><\/div>\n\n\n\n<div class=\"wp-block-button is-style-outline is-style-outline--1\"><a class=\"wp-block-button__link wp-element-button\">ali<\/a><\/div>\n\n\n\n<div class=\"wp-block-button is-style-fill\"><a class=\"wp-block-button__link wp-element-button\" href=\"https:\/\/arcanum.si\/?page_id=115\">NARO\u010cAM 15min BREZPLA\u010cNI POSVET<\/a><\/div>\n<\/div>\n\n\n\n<p><\/p>\n\n\n\n<figure class=\"wp-block-gallery has-nested-images columns-default is-cropped wp-block-gallery-2 is-layout-flex wp-block-gallery-is-layout-flex\">\n<figure class=\"wp-block-image size-large\"><img loading=\"lazy\" decoding=\"async\" width=\"1024\" height=\"683\" data-id=\"1093\" src=\"https:\/\/arcanum.si\/wp-content\/uploads\/2025\/08\/zelim-se-pocutiti-svobodno-1024x683-1.webp\" alt=\"PKANJE\" class=\"wp-image-1093\" srcset=\"https:\/\/arcanum.si\/wp-content\/uploads\/2025\/08\/zelim-se-pocutiti-svobodno-1024x683-1.webp 1024w, https:\/\/arcanum.si\/wp-content\/uploads\/2025\/08\/zelim-se-pocutiti-svobodno-1024x683-1-300x200.webp 300w, https:\/\/arcanum.si\/wp-content\/uploads\/2025\/08\/zelim-se-pocutiti-svobodno-1024x683-1-768x512.webp 768w\" sizes=\"auto, (max-width: 1024px) 100vw, 1024px\" \/><figcaption class=\"wp-element-caption\">\u017dELIM SE PO\u010cUTITI SVOBODNO<\/figcaption><\/figure>\n<\/figure>\n\n\n\n<p><\/p>\n\n\n<p>\n\n\n<\/p>\n<p class=\"has-text-align-left\" style=\"text-align: justify;\"><strong>Ne glede na to, s kak\u0161nimi izzivi se soo\u010date, EFT terapija vam pomaga predelati te dogodke in \u010dustva ter pridobiti razumevanje dane situacije.<\/strong><\/p>\n<p style=\"text-align: justify;\">\n\n<\/p>\n<p style=\"text-align: justify;\">Terapije potekajo tako, da ob pogovoru skupaj poi\u0161\u010demo vzrok va\u0161ih te\u017eav ( te\u017eki spomini, strahovi, izgube,..) in jih na enostaven na\u010din (skozi pogovor in tapkanje) sprostimo, da se potem spet po\u010dutite lahkotno, spro\u0161\u010deno in polno notranje mo\u010di.<\/p>\n<p>\n\n \n\n<\/p>\n<p style=\"text-align: justify;\"><strong>Za la\u017ejo predstavo, kdaj in kako vam lahko EFT terapija konkretno pomaga v vsakdanjem \u017eivljenju:<\/strong><\/p>\n<p style=\"text-align: justify;\">\n\n<\/p>\n<p style=\"text-align: justify;\">\n\n \n\n<\/p>\n<ul class=\"wp-block-list\">\n\n<li style=\"text-align: justify;\"><strong>\u010ce se spopadate z velikimi \u017eivljenjskimi spremembami, kot so lo\u010ditev, izguba ali selitev<\/strong>, in se soo\u010date z razli\u010dnimi \u010dustvi kot so jeza, strah, \u017ealost, nemo\u010d, vam z EFT pomagam ta \u010dustva predelati, da ponovno najdete notranji mir in ravnovesje.<\/li>\n\n \n\n<li style=\"text-align: justify;\"><strong>V primeru strahov ali fobij \u2013 na primer: strah pred javnim nastopanjem, strah pred letenjem ali strah pred dolo\u010denimi \u017eivalmi<\/strong>\u00a0\u2013 skupaj razi\u0161\u010demo, kaj je vzrok teh te\u017eav. S pomo\u010djo EFT odstranimo te blokade, da se va\u0161 strah sprosti in si povrnete pogum.<\/li>\n\n \n\n<li style=\"text-align: justify;\"><strong>\u010ce vas trenutno obremenjujejo stres ali tesnoba<\/strong>, bodisi zaradi dela, doma\u010dega okolja ali odnosov, lahko z EFT terapijo te skrbi postopoma sprostimo, kar vodi k ve\u010dji umirjenosti, stabilnosti in spro\u0161\u010denosti.<\/li>\n\n \n\n<li style=\"text-align: justify;\"><strong>\u010ce ste v preteklosti do\u017eiveli travmati\u010dne izku\u0161nje<\/strong>, ki (zavedno ali nezavedno) \u0161e vedno vplivajo na va\u0161e \u017eivljenje in po\u010dutje, je EFT terapija u\u010dinkovit na\u010din, da se na lahkoten in nebole\u010d na\u010din soo\u010dite s to travmo. Tako jo lahko pustite za seboj kot spomin preteklosti, in ne obstaja v vas kot \u010dustvena rana, ki vas \u0161e vedno ovira.<\/li>\n\n \n\n<li style=\"text-align: justify;\"><strong>Za tiste, ki se soo\u010date z omejujo\u010dimi prepri\u010danji<\/strong>, kot so &#8220;nisem dovolj dober\/dobra,&#8221; &#8220;nikoli mi ne bo uspelo&#8221; ali &#8220;ne zaslu\u017eim si sre\u010de\/uspeha,&#8221; vam z EFT pomagam prepoznati, kdaj so ta prepri\u010danja nastala. Skupaj jih postopoma sprostimo, da vas ne bodo ve\u010d ovirala, vi pa boste lahko samozavestno sledili svojim ciljem in \u017eeljam.<\/li>\n\n<\/ul>\n<p>\n\n \n\n<\/p>\n<p>\u00a0<\/p>\n<p>\n\n<\/p>\n<p>\n\n<\/p>\n<p>\n\n\n\n<\/p>\n<p>\u00a0<\/p>\n<p>\n\n\n<\/p>\n\n\n<p><\/p>\n\n\n\n<p><\/p>\n","protected":false},"excerpt":{"rendered":"<p>Ste utrujeni od nenehnega soo\u010danja s&nbsp;STRESOM, TESNOBO IN TE\u017dKIMI \u010cUSTVI? Ob\u010dutite&nbsp;STISKO&nbsp;in zaradi nje pono\u010di ne morete spati? Vas bremenijo&nbsp;NEPRIJETNI SPOMINI iz PRETEKLOSTI&nbsp;ali pa imate dolo\u010dene&nbsp;STRAHOVE, ki si jih resni\u010dno \u017eelite prese\u010di? EFT tapkanje je preprosta tehnika, ki vam pomaga&nbsp;sprostiti vsa te\u017eka \u010dustva, vas osvobodi napetosti in pomaga, da poi\u0161\u010dete vzrok va\u0161ih te\u017eav. Vse z namenom, [&hellip;]<\/p>\n","protected":false},"author":1,"featured_media":0,"parent":0,"menu_order":0,"comment_status":"closed","ping_status":"closed","template":"","meta":{"_uag_custom_page_level_css":"","_genesis_hide_title":false,"_genesis_hide_breadcrumbs":false,"_genesis_hide_singular_image":false,"_genesis_hide_footer_widgets":false,"_genesis_custom_body_class":"","_genesis_custom_post_class":"","_genesis_layout":"","footnotes":""},"class_list":{"0":"post-56","1":"page","2":"type-page","3":"status-publish","5":"entry"},"yoast_head":"<!-- This site is optimized with the Yoast SEO plugin v24.1 - https:\/\/yoast.com\/wordpress\/plugins\/seo\/ -->\n<title>EFT TAPKANJE- TEHNIKA \u010cUSTVENEGA OSVOBAJANJA<\/title>\n<meta name=\"description\" content=\"EFT tapkanje je preprosta tehnika, ki vam pomaga sprostiti te\u017eka \u010dustva, vas osvobodi strahov in pomaga, da poi\u0161\u010dete vzrok va\u0161ih te\u017eav. Preberi ve\u010d\" \/>\n<meta name=\"robots\" content=\"index, follow, max-snippet:-1, max-image-preview:large, max-video-preview:-1\" \/>\n<link rel=\"canonical\" href=\"https:\/\/arcanum.si\/\" \/>\n<meta property=\"og:locale\" content=\"sl_SI\" \/>\n<meta property=\"og:type\" content=\"article\" \/>\n<meta property=\"og:title\" content=\"EFT TAPKANJE- TEHNIKA \u010cUSTVENEGA OSVOBAJANJA\" \/>\n<meta property=\"og:description\" content=\"EFT tapkanje je preprosta tehnika, ki vam pomaga sprostiti te\u017eka \u010dustva, vas osvobodi strahov in pomaga, da poi\u0161\u010dete vzrok va\u0161ih te\u017eav. Preberi ve\u010d\" \/>\n<meta property=\"og:url\" content=\"https:\/\/arcanum.si\/\" \/>\n<meta property=\"og:site_name\" content=\"www.arcanum.si\" \/>\n<meta property=\"article:modified_time\" content=\"2025-08-01T08:09:33+00:00\" \/>\n<meta property=\"og:image\" content=\"https:\/\/arcanum.si\/wp-content\/uploads\/2025\/08\/zelim-se-pocutiti-svobodno-1024x683-1.webp\" \/>\n\t<meta property=\"og:image:width\" content=\"1024\" \/>\n\t<meta property=\"og:image:height\" content=\"683\" \/>\n\t<meta property=\"og:image:type\" content=\"image\/webp\" \/>\n<meta name=\"twitter:card\" content=\"summary_large_image\" \/>\n<meta name=\"twitter:label1\" content=\"Est. reading time\" \/>\n\t<meta name=\"twitter:data1\" content=\"3 minute\" \/>\n<script type=\"application\/ld+json\" class=\"yoast-schema-graph\">{\"@context\":\"https:\/\/schema.org\",\"@graph\":[{\"@type\":\"WebPage\",\"@id\":\"https:\/\/arcanum.si\/\",\"url\":\"https:\/\/arcanum.si\/\",\"name\":\"EFT TAPKANJE- TEHNIKA \u010cUSTVENEGA OSVOBAJANJA\",\"isPartOf\":{\"@id\":\"https:\/\/arcanum.si\/#website\"},\"primaryImageOfPage\":{\"@id\":\"https:\/\/arcanum.si\/#primaryimage\"},\"image\":{\"@id\":\"https:\/\/arcanum.si\/#primaryimage\"},\"thumbnailUrl\":\"https:\/\/arcanum.si\/wp-content\/uploads\/2025\/08\/zelim-se-pocutiti-svobodno-1024x683-1.webp\",\"datePublished\":\"2023-01-05T10:27:16+00:00\",\"dateModified\":\"2025-08-01T08:09:33+00:00\",\"description\":\"EFT tapkanje je preprosta tehnika, ki vam pomaga sprostiti te\u017eka \u010dustva, vas osvobodi strahov in pomaga, da poi\u0161\u010dete vzrok va\u0161ih te\u017eav. Preberi ve\u010d\",\"inLanguage\":\"sl-SI\",\"potentialAction\":[{\"@type\":\"ReadAction\",\"target\":[\"https:\/\/arcanum.si\/\"]}]},{\"@type\":\"ImageObject\",\"inLanguage\":\"sl-SI\",\"@id\":\"https:\/\/arcanum.si\/#primaryimage\",\"url\":\"https:\/\/arcanum.si\/wp-content\/uploads\/2025\/08\/zelim-se-pocutiti-svobodno-1024x683-1.webp\",\"contentUrl\":\"https:\/\/arcanum.si\/wp-content\/uploads\/2025\/08\/zelim-se-pocutiti-svobodno-1024x683-1.webp\",\"width\":1024,\"height\":683,\"caption\":\"\u017dELIM SE PO\u010cUTITI SVOBODNO\"},{\"@type\":\"WebSite\",\"@id\":\"https:\/\/arcanum.si\/#website\",\"url\":\"https:\/\/arcanum.si\/\",\"name\":\"www.arcanum.si\",\"description\":\"EFT TAPKANJE\",\"publisher\":{\"@id\":\"https:\/\/arcanum.si\/#organization\"},\"potentialAction\":[{\"@type\":\"SearchAction\",\"target\":{\"@type\":\"EntryPoint\",\"urlTemplate\":\"https:\/\/arcanum.si\/?s={search_term_string}\"},\"query-input\":{\"@type\":\"PropertyValueSpecification\",\"valueRequired\":true,\"valueName\":\"search_term_string\"}}],\"inLanguage\":\"sl-SI\"},{\"@type\":\"Organization\",\"@id\":\"https:\/\/arcanum.si\/#organization\",\"name\":\"www.arcanum.si\",\"url\":\"https:\/\/arcanum.si\/\",\"logo\":{\"@type\":\"ImageObject\",\"inLanguage\":\"sl-SI\",\"@id\":\"https:\/\/arcanum.si\/#\/schema\/logo\/image\/\",\"url\":\"https:\/\/arcanum.si\/wp-content\/uploads\/2023\/01\/ARCANUM-CIRCLE-LOGO66.jpg\",\"contentUrl\":\"https:\/\/arcanum.si\/wp-content\/uploads\/2023\/01\/ARCANUM-CIRCLE-LOGO66.jpg\",\"width\":240,\"height\":240,\"caption\":\"www.arcanum.si\"},\"image\":{\"@id\":\"https:\/\/arcanum.si\/#\/schema\/logo\/image\/\"}}]}<\/script>\n<!-- \/ Yoast SEO plugin. -->","yoast_head_json":{"title":"EFT TAPKANJE- TEHNIKA \u010cUSTVENEGA OSVOBAJANJA","description":"EFT tapkanje je preprosta tehnika, ki vam pomaga sprostiti te\u017eka \u010dustva, vas osvobodi strahov in pomaga, da poi\u0161\u010dete vzrok va\u0161ih te\u017eav. Preberi ve\u010d","robots":{"index":"index","follow":"follow","max-snippet":"max-snippet:-1","max-image-preview":"max-image-preview:large","max-video-preview":"max-video-preview:-1"},"canonical":"https:\/\/arcanum.si\/","og_locale":"sl_SI","og_type":"article","og_title":"EFT TAPKANJE- TEHNIKA \u010cUSTVENEGA OSVOBAJANJA","og_description":"EFT tapkanje je preprosta tehnika, ki vam pomaga sprostiti te\u017eka \u010dustva, vas osvobodi strahov in pomaga, da poi\u0161\u010dete vzrok va\u0161ih te\u017eav. Preberi ve\u010d","og_url":"https:\/\/arcanum.si\/","og_site_name":"www.arcanum.si","article_modified_time":"2025-08-01T08:09:33+00:00","og_image":[{"width":1024,"height":683,"url":"https:\/\/arcanum.si\/wp-content\/uploads\/2025\/08\/zelim-se-pocutiti-svobodno-1024x683-1.webp","type":"image\/webp"}],"twitter_card":"summary_large_image","twitter_misc":{"Est. reading time":"3 minute"},"schema":{"@context":"https:\/\/schema.org","@graph":[{"@type":"WebPage","@id":"https:\/\/arcanum.si\/","url":"https:\/\/arcanum.si\/","name":"EFT TAPKANJE- TEHNIKA \u010cUSTVENEGA OSVOBAJANJA","isPartOf":{"@id":"https:\/\/arcanum.si\/#website"},"primaryImageOfPage":{"@id":"https:\/\/arcanum.si\/#primaryimage"},"image":{"@id":"https:\/\/arcanum.si\/#primaryimage"},"thumbnailUrl":"https:\/\/arcanum.si\/wp-content\/uploads\/2025\/08\/zelim-se-pocutiti-svobodno-1024x683-1.webp","datePublished":"2023-01-05T10:27:16+00:00","dateModified":"2025-08-01T08:09:33+00:00","description":"EFT tapkanje je preprosta tehnika, ki vam pomaga sprostiti te\u017eka \u010dustva, vas osvobodi strahov in pomaga, da poi\u0161\u010dete vzrok va\u0161ih te\u017eav. Preberi ve\u010d","inLanguage":"sl-SI","potentialAction":[{"@type":"ReadAction","target":["https:\/\/arcanum.si\/"]}]},{"@type":"ImageObject","inLanguage":"sl-SI","@id":"https:\/\/arcanum.si\/#primaryimage","url":"https:\/\/arcanum.si\/wp-content\/uploads\/2025\/08\/zelim-se-pocutiti-svobodno-1024x683-1.webp","contentUrl":"https:\/\/arcanum.si\/wp-content\/uploads\/2025\/08\/zelim-se-pocutiti-svobodno-1024x683-1.webp","width":1024,"height":683,"caption":"\u017dELIM SE PO\u010cUTITI SVOBODNO"},{"@type":"WebSite","@id":"https:\/\/arcanum.si\/#website","url":"https:\/\/arcanum.si\/","name":"www.arcanum.si","description":"EFT TAPKANJE","publisher":{"@id":"https:\/\/arcanum.si\/#organization"},"potentialAction":[{"@type":"SearchAction","target":{"@type":"EntryPoint","urlTemplate":"https:\/\/arcanum.si\/?s={search_term_string}"},"query-input":{"@type":"PropertyValueSpecification","valueRequired":true,"valueName":"search_term_string"}}],"inLanguage":"sl-SI"},{"@type":"Organization","@id":"https:\/\/arcanum.si\/#organization","name":"www.arcanum.si","url":"https:\/\/arcanum.si\/","logo":{"@type":"ImageObject","inLanguage":"sl-SI","@id":"https:\/\/arcanum.si\/#\/schema\/logo\/image\/","url":"https:\/\/arcanum.si\/wp-content\/uploads\/2023\/01\/ARCANUM-CIRCLE-LOGO66.jpg","contentUrl":"https:\/\/arcanum.si\/wp-content\/uploads\/2023\/01\/ARCANUM-CIRCLE-LOGO66.jpg","width":240,"height":240,"caption":"www.arcanum.si"},"image":{"@id":"https:\/\/arcanum.si\/#\/schema\/logo\/image\/"}}]}},"uagb_featured_image_src":{"full":false,"thumbnail":false,"medium":false,"medium_large":false,"large":false,"1536x1536":false,"2048x2048":false,"featured-image":false,"profile-pic":false},"uagb_author_info":{"display_name":"Maja Barle","author_link":"https:\/\/arcanum.si\/?author=1"},"uagb_comment_info":0,"uagb_excerpt":"Ste utrujeni od nenehnega soo\u010danja s&nbsp;STRESOM, TESNOBO IN TE\u017dKIMI \u010cUSTVI? Ob\u010dutite&nbsp;STISKO&nbsp;in zaradi nje pono\u010di ne morete spati? Vas bremenijo&nbsp;NEPRIJETNI SPOMINI iz PRETEKLOSTI&nbsp;ali pa imate dolo\u010dene&nbsp;STRAHOVE, ki si jih resni\u010dno \u017eelite prese\u010di? EFT tapkanje je preprosta tehnika, ki vam pomaga&nbsp;sprostiti vsa te\u017eka \u010dustva, vas osvobodi napetosti in pomaga, da poi\u0161\u010dete vzrok va\u0161ih te\u017eav. Vse z namenom,&hellip;","_links":{"self":[{"href":"https:\/\/arcanum.si\/index.php?rest_route=\/wp\/v2\/pages\/56","targetHints":{"allow":["GET"]}}],"collection":[{"href":"https:\/\/arcanum.si\/index.php?rest_route=\/wp\/v2\/pages"}],"about":[{"href":"https:\/\/arcanum.si\/index.php?rest_route=\/wp\/v2\/types\/page"}],"author":[{"embeddable":true,"href":"https:\/\/arcanum.si\/index.php?rest_route=\/wp\/v2\/users\/1"}],"replies":[{"embeddable":true,"href":"https:\/\/arcanum.si\/index.php?rest_route=%2Fwp%2Fv2%2Fcomments&post=56"}],"version-history":[{"count":76,"href":"https:\/\/arcanum.si\/index.php?rest_route=\/wp\/v2\/pages\/56\/revisions"}],"predecessor-version":[{"id":1095,"href":"https:\/\/arcanum.si\/index.php?rest_route=\/wp\/v2\/pages\/56\/revisions\/1095"}],"wp:attachment":[{"href":"https:\/\/arcanum.si\/index.php?rest_route=%2Fwp%2Fv2%2Fmedia&parent=56"}],"curies":[{"name":"wp","href":"https:\/\/api.w.org\/{rel}","templated":true}]}}