{"id":882,"date":"2025-01-13T21:20:52","date_gmt":"2025-01-13T20:20:52","guid":{"rendered":"https:\/\/arcanum.si\/?page_id=882"},"modified":"2025-01-14T15:56:42","modified_gmt":"2025-01-14T14:56:42","slug":"clanki","status":"publish","type":"page","link":"https:\/\/arcanum.si\/?page_id=882","title":{"rendered":"\u010cLANKI"},"content":{"rendered":"\n<p><\/p>\n\n\n\n\t\t\t<div class=\"wp-block-uagb-post-grid uagb-post-grid  uagb-post__image-position-top uagb-post__image-enabled uagb-block-f925c097     uagb-post__items uagb-post__columns-1 is-grid uagb-post__columns-tablet-2 uagb-post__columns-mobile-1 uagb-post__equal-height\" data-total=\"1\" style=\"\">\n\n\t\t\t\t\t\t\t\t\t\t\t\t<article class=\"uagb-post__inner-wrap\">\t\t\t\t\t\t\t\t<div class='uagb-post__image'>\n\t\t\t\t\t\t\t\t\t<a href=\"https:\/\/arcanum.si\/?p=860\" target=\"_self\" rel=\"bookmark noopener noreferrer\" class='uagb-image-ratio-inherit'><img loading=\"lazy\" decoding=\"async\" width=\"1024\" height=\"941\" src=\"https:\/\/arcanum.si\/wp-content\/uploads\/2025\/01\/CUSTVENA-PRTLJAGA-scaled-e1736866224858-1024x941.jpg\" class=\"attachment-large size-large\" alt=\"\u010dustvena prtljaga, \u010dustvena stiska, te\u017eki spomini, eft tapkanje\" srcset=\"https:\/\/arcanum.si\/wp-content\/uploads\/2025\/01\/CUSTVENA-PRTLJAGA-scaled-e1736866224858-1024x941.jpg 1024w, https:\/\/arcanum.si\/wp-content\/uploads\/2025\/01\/CUSTVENA-PRTLJAGA-scaled-e1736866224858-300x276.jpg 300w, https:\/\/arcanum.si\/wp-content\/uploads\/2025\/01\/CUSTVENA-PRTLJAGA-scaled-e1736866224858-768x706.jpg 768w, https:\/\/arcanum.si\/wp-content\/uploads\/2025\/01\/CUSTVENA-PRTLJAGA-scaled-e1736866224858-1536x1412.jpg 1536w, https:\/\/arcanum.si\/wp-content\/uploads\/2025\/01\/CUSTVENA-PRTLJAGA-scaled-e1736866224858.jpg 1694w\" sizes=\"auto, (max-width: 1024px) 100vw, 1024px\" \/>\t\t\t\t\t<\/a>\n\t\t\t\t\t\t\t<\/div>\n\t\t\t<div class=\"uag-post-grid-wrapper\">\t\t\t<h4 class=\"uagb-post__title uagb-post__text\">\n\t\t\t\t<a href=\"https:\/\/arcanum.si\/?p=860\" target=\"_self\" rel=\"bookmark noopener noreferrer\">\u010cUSTVENA PRTLJAGA<\/a>\n\t\t\t<\/h4>\n\t\t\t\t\t\t<div class='uagb-post__text uagb-post-grid-byline'>\n\t\t\t\t\t\t\t<\/div>\n\t\t\t\t\t\t\t<div class='uagb-post__text uagb-post__excerpt'>\n\t\t\t\t\t<p>Vsi nosimo s seboj zgodbe, ki so nas oblikovale \u2013 nekatere prijetne, druge bole\u010de. Te\u017eki spomini, nepredelani odnosi, bole\u010de izku\u0161nje, razo\u010daranja in izgube pogosto ostanejo z nami dlje, kot bi si \u017eeleli. Spremljajo nas kot nevidna \u010dustvena prtljaga. Pogosto se zasidrajo v na\u0161em telesu in \u010dustvenem svetu in podzavestno \u0161e naprej vplivajo na nas, na&#8230;\t\t\t\t<\/div>\n\t\t\t\t\t\t<div class=\"uagb-post__text uagb-post__cta wp-block-button\">\n\t\t\t\t<a class=\"wp-block-button__link uagb-text-link\" style=\"\" href=\"https:\/\/arcanum.si\/?p=860\" target=\"_self\" rel=\"bookmark noopener noreferrer\">Preberi ve\u010d<\/a>\n\t\t\t<\/div>\n\t\t\t<\/div>\n\t\t\t\t\t\t\t\t\t<\/article>\n\t\t\t\t\t\t\t\t\t\t\t\t\t\t\t\t<article class=\"uagb-post__inner-wrap\">\t\t\t\t\t\t\t\t<div class='uagb-post__image'>\n\t\t\t\t\t\t\t\t\t<a href=\"https:\/\/arcanum.si\/?p=1108\" target=\"_self\" rel=\"bookmark noopener noreferrer\" class='uagb-image-ratio-inherit'><img loading=\"lazy\" decoding=\"async\" width=\"1024\" height=\"684\" src=\"https:\/\/arcanum.si\/wp-content\/uploads\/2025\/08\/PDF-za-video-vecerne-meditacije-1024x684.jpg\" class=\"attachment-large size-large\" alt=\"\" srcset=\"https:\/\/arcanum.si\/wp-content\/uploads\/2025\/08\/PDF-za-video-vecerne-meditacije-1024x684.jpg 1024w, https:\/\/arcanum.si\/wp-content\/uploads\/2025\/08\/PDF-za-video-vecerne-meditacije-300x200.jpg 300w, https:\/\/arcanum.si\/wp-content\/uploads\/2025\/08\/PDF-za-video-vecerne-meditacije-768x513.jpg 768w, https:\/\/arcanum.si\/wp-content\/uploads\/2025\/08\/PDF-za-video-vecerne-meditacije.jpg 1098w\" sizes=\"auto, (max-width: 1024px) 100vw, 1024px\" \/>\t\t\t\t\t<\/a>\n\t\t\t\t\t\t\t<\/div>\n\t\t\t<div class=\"uag-post-grid-wrapper\">\t\t\t<h4 class=\"uagb-post__title uagb-post__text\">\n\t\t\t\t<a href=\"https:\/\/arcanum.si\/?p=1108\" target=\"_self\" rel=\"bookmark noopener noreferrer\">Tapkalna meditacija za sprostitev in umiritev<\/a>\n\t\t\t<\/h4>\n\t\t\t\t\t\t<div class='uagb-post__text uagb-post-grid-byline'>\n\t\t\t\t\t\t\t<\/div>\n\t\t\t\t\t\t\t<div class='uagb-post__text uagb-post__excerpt'>\n\t\t\t\t\t<p>Kratka ve\u010derna tapkalna meditacija za sprostitev telesa in umiritev po napornem dnevu. V tej kratki vodeni EFT tapkalni meditaciji te povabim, da se zve\u010der pred spanjem ustavi\u0161, prisluhne\u0161 svojemu telesu in po\u010dasi odlo\u017ei\u0161 tisto, kar ti trenutno povzro\u010da napetost, zaskrbljenost ali nemir. Da bo tvoj spanec globok in spro\u0161\u010dujo\u010d. Tapkanje pomaga: sprostiti napetost v telesu,&#8230;\t\t\t\t<\/div>\n\t\t\t\t\t\t<div class=\"uagb-post__text uagb-post__cta wp-block-button\">\n\t\t\t\t<a class=\"wp-block-button__link uagb-text-link\" style=\"\" href=\"https:\/\/arcanum.si\/?p=1108\" target=\"_self\" rel=\"bookmark noopener noreferrer\">Preberi ve\u010d<\/a>\n\t\t\t<\/div>\n\t\t\t<\/div>\n\t\t\t\t\t\t\t\t\t<\/article>\n\t\t\t\t\t\t\t\t\t\t\t\t\t\t\t\t<article class=\"uagb-post__inner-wrap\">\t\t\t\t\t\t\t\t<div class='uagb-post__image'>\n\t\t\t\t\t\t\t\t\t<a href=\"https:\/\/arcanum.si\/?p=870\" target=\"_self\" rel=\"bookmark noopener noreferrer\" class='uagb-image-ratio-inherit'><img loading=\"lazy\" decoding=\"async\" width=\"1024\" height=\"683\" src=\"https:\/\/arcanum.si\/wp-content\/uploads\/2025\/01\/Tesnoba-zalost-stiska-1024x683.jpg\" class=\"attachment-large size-large\" alt=\"TESNOBA, ANKSIOZNOST, \u017dALOST, STISKA\" srcset=\"https:\/\/arcanum.si\/wp-content\/uploads\/2025\/01\/Tesnoba-zalost-stiska-1024x683.jpg 1024w, https:\/\/arcanum.si\/wp-content\/uploads\/2025\/01\/Tesnoba-zalost-stiska-300x200.jpg 300w, https:\/\/arcanum.si\/wp-content\/uploads\/2025\/01\/Tesnoba-zalost-stiska-768x512.jpg 768w, https:\/\/arcanum.si\/wp-content\/uploads\/2025\/01\/Tesnoba-zalost-stiska-1536x1024.jpg 1536w, https:\/\/arcanum.si\/wp-content\/uploads\/2025\/01\/Tesnoba-zalost-stiska-2048x1365.jpg 2048w\" sizes=\"auto, (max-width: 1024px) 100vw, 1024px\" \/>\t\t\t\t\t<\/a>\n\t\t\t\t\t\t\t<\/div>\n\t\t\t<div class=\"uag-post-grid-wrapper\">\t\t\t<h4 class=\"uagb-post__title uagb-post__text\">\n\t\t\t\t<a href=\"https:\/\/arcanum.si\/?p=870\" target=\"_self\" rel=\"bookmark noopener noreferrer\">TESNOBA<\/a>\n\t\t\t<\/h4>\n\t\t\t\t\t\t<div class='uagb-post__text uagb-post-grid-byline'>\n\t\t\t\t\t\t\t<\/div>\n\t\t\t\t\t\t\t<div class='uagb-post__text uagb-post__excerpt'>\n\t\t\t\t\t<p>Tesnoba je vse pogostej\u0161i spremljevalec sodobnega \u017eivljenja, ki lahko na subtilen, a vztrajen na\u010din vpliva na na\u0161e misli, telo in vsakodnevno delovanje. \u010ceprav je tesnoba naravni odziv na stres, lahko njena dolgotrajna ali intenzivna prisotnost ob\u010dutno poslab\u0161a kakovost \u017eivljenja. \u010ce vas pogosto spremlja ob\u010dutek napetosti, pritiska, notranjega nemira ali celo nejasnega strahu, ki dlje \u010dasa&#8230;\t\t\t\t<\/div>\n\t\t\t\t\t\t<div class=\"uagb-post__text uagb-post__cta wp-block-button\">\n\t\t\t\t<a class=\"wp-block-button__link uagb-text-link\" style=\"\" href=\"https:\/\/arcanum.si\/?p=870\" target=\"_self\" rel=\"bookmark noopener noreferrer\">Preberi ve\u010d<\/a>\n\t\t\t<\/div>\n\t\t\t<\/div>\n\t\t\t\t\t\t\t\t\t<\/article>\n\t\t\t\t\t\t\t\t\t\t\t\t\t\t\t\t<article class=\"uagb-post__inner-wrap\">\t\t\t\t\t\t\t\t<div class='uagb-post__image'>\n\t\t\t\t\t\t\t\t\t<a href=\"https:\/\/arcanum.si\/?p=950\" target=\"_self\" rel=\"bookmark noopener noreferrer\" class='uagb-image-ratio-inherit'><img loading=\"lazy\" decoding=\"async\" width=\"1024\" height=\"683\" src=\"https:\/\/arcanum.si\/wp-content\/uploads\/2025\/01\/LOCITEV-RAZHOD-EFT-TAPKANJE-1024x683.jpg\" class=\"attachment-large size-large\" alt=\"\" srcset=\"https:\/\/arcanum.si\/wp-content\/uploads\/2025\/01\/LOCITEV-RAZHOD-EFT-TAPKANJE-1024x683.jpg 1024w, https:\/\/arcanum.si\/wp-content\/uploads\/2025\/01\/LOCITEV-RAZHOD-EFT-TAPKANJE-300x200.jpg 300w, https:\/\/arcanum.si\/wp-content\/uploads\/2025\/01\/LOCITEV-RAZHOD-EFT-TAPKANJE-768x512.jpg 768w, https:\/\/arcanum.si\/wp-content\/uploads\/2025\/01\/LOCITEV-RAZHOD-EFT-TAPKANJE-1536x1024.jpg 1536w, https:\/\/arcanum.si\/wp-content\/uploads\/2025\/01\/LOCITEV-RAZHOD-EFT-TAPKANJE-2048x1365.jpg 2048w\" sizes=\"auto, (max-width: 1024px) 100vw, 1024px\" \/>\t\t\t\t\t<\/a>\n\t\t\t\t\t\t\t<\/div>\n\t\t\t<div class=\"uag-post-grid-wrapper\">\t\t\t<h4 class=\"uagb-post__title uagb-post__text\">\n\t\t\t\t<a href=\"https:\/\/arcanum.si\/?p=950\" target=\"_self\" rel=\"bookmark noopener noreferrer\">KONEC RAZMERJA \/ LO\u010cITEV<\/a>\n\t\t\t<\/h4>\n\t\t\t\t\t\t<div class='uagb-post__text uagb-post-grid-byline'>\n\t\t\t\t\t\t\t<\/div>\n\t\t\t\t\t\t\t<div class='uagb-post__text uagb-post__excerpt'>\n\t\t\t\t\t<p>Razhod s partnerjem je ena te\u017ejih \u017eivljenjskih preizku\u0161enj. Kon\u010danje zveze ne prina\u0161a le spremembe v vsakdanjem \u017eivljenju, temve\u010d tudi ogromno \u010dustev, ki nas lahko popolnoma preplavijo \u2013 od \u017ealosti, jeze, zmedenosti do ob\u010dutka izgube in osamljenosti. Prebolevanje biv\u0161e zveze je proces, ki zahteva \u010das in notranjo mo\u010d, vendar pa je klub bole\u010dini to tudi prilo\u017enost&#8230;\t\t\t\t<\/div>\n\t\t\t\t\t\t<div class=\"uagb-post__text uagb-post__cta wp-block-button\">\n\t\t\t\t<a class=\"wp-block-button__link uagb-text-link\" style=\"\" href=\"https:\/\/arcanum.si\/?p=950\" target=\"_self\" rel=\"bookmark noopener noreferrer\">Preberi ve\u010d<\/a>\n\t\t\t<\/div>\n\t\t\t<\/div>\n\t\t\t\t\t\t\t\t\t<\/article>\n\t\t\t\t\t\t\t\t\t\t\t<\/div>\n\t\t\t","protected":false},"excerpt":{"rendered":"","protected":false},"author":1,"featured_media":891,"parent":0,"menu_order":0,"comment_status":"closed","ping_status":"closed","template":"","meta":{"_uag_custom_page_level_css":"","_genesis_hide_title":false,"_genesis_hide_breadcrumbs":false,"_genesis_hide_singular_image":false,"_genesis_hide_footer_widgets":false,"_genesis_custom_body_class":"","_genesis_custom_post_class":"","_genesis_layout":"","footnotes":""},"class_list":{"0":"post-882","1":"page","2":"type-page","3":"status-publish","4":"has-post-thumbnail","6":"entry"},"yoast_head":"<!-- This site is optimized with the Yoast SEO plugin v24.1 - https:\/\/yoast.com\/wordpress\/plugins\/seo\/ -->\n<title>\u010cLANKI - EFT, TAPKANJE<\/title>\n<meta name=\"description\" content=\"\u010clanki na razli\u010dne teme kot so tesnoba, lo\u010ditev, \u010dustvene stiske, te\u017eki spomini, katere lahko enostavno re\u0161ujemo z tehniko EFT TAPKANJE.\" \/>\n<meta name=\"robots\" content=\"index, follow, max-snippet:-1, max-image-preview:large, max-video-preview:-1\" \/>\n<link rel=\"canonical\" href=\"https:\/\/arcanum.si\/?page_id=882\" \/>\n<meta property=\"og:locale\" content=\"sl_SI\" \/>\n<meta property=\"og:type\" content=\"article\" \/>\n<meta property=\"og:title\" content=\"\u010cLANKI - EFT, TAPKANJE\" \/>\n<meta property=\"og:description\" content=\"\u010clanki na razli\u010dne teme kot so tesnoba, lo\u010ditev, \u010dustvene stiske, te\u017eki spomini, katere lahko enostavno re\u0161ujemo z tehniko EFT TAPKANJE.\" \/>\n<meta property=\"og:url\" content=\"https:\/\/arcanum.si\/?page_id=882\" \/>\n<meta property=\"og:site_name\" content=\"www.arcanum.si\" \/>\n<meta property=\"article:modified_time\" content=\"2025-01-14T14:56:42+00:00\" \/>\n<meta property=\"og:image\" content=\"https:\/\/arcanum.si\/wp-content\/uploads\/2025\/01\/clanki-EFT-tapkanje-scaled.jpg\" \/>\n\t<meta property=\"og:image:width\" content=\"2560\" \/>\n\t<meta property=\"og:image:height\" content=\"2372\" \/>\n\t<meta property=\"og:image:type\" content=\"image\/jpeg\" \/>\n<meta name=\"twitter:card\" content=\"summary_large_image\" \/>\n<meta name=\"twitter:label1\" content=\"Est. reading time\" \/>\n\t<meta name=\"twitter:data1\" content=\"1 minuta\" \/>\n<script type=\"application\/ld+json\" class=\"yoast-schema-graph\">{\"@context\":\"https:\/\/schema.org\",\"@graph\":[{\"@type\":\"WebPage\",\"@id\":\"https:\/\/arcanum.si\/?page_id=882\",\"url\":\"https:\/\/arcanum.si\/?page_id=882\",\"name\":\"\u010cLANKI - EFT, TAPKANJE\",\"isPartOf\":{\"@id\":\"https:\/\/arcanum.si\/#website\"},\"primaryImageOfPage\":{\"@id\":\"https:\/\/arcanum.si\/?page_id=882#primaryimage\"},\"image\":{\"@id\":\"https:\/\/arcanum.si\/?page_id=882#primaryimage\"},\"thumbnailUrl\":\"https:\/\/arcanum.si\/wp-content\/uploads\/2025\/01\/clanki-EFT-tapkanje-scaled.jpg\",\"datePublished\":\"2025-01-13T20:20:52+00:00\",\"dateModified\":\"2025-01-14T14:56:42+00:00\",\"description\":\"\u010clanki na razli\u010dne teme kot so tesnoba, lo\u010ditev, \u010dustvene stiske, te\u017eki spomini, katere lahko enostavno re\u0161ujemo z tehniko EFT TAPKANJE.\",\"breadcrumb\":{\"@id\":\"https:\/\/arcanum.si\/?page_id=882#breadcrumb\"},\"inLanguage\":\"sl-SI\",\"potentialAction\":[{\"@type\":\"ReadAction\",\"target\":[\"https:\/\/arcanum.si\/?page_id=882\"]}]},{\"@type\":\"ImageObject\",\"inLanguage\":\"sl-SI\",\"@id\":\"https:\/\/arcanum.si\/?page_id=882#primaryimage\",\"url\":\"https:\/\/arcanum.si\/wp-content\/uploads\/2025\/01\/clanki-EFT-tapkanje-scaled.jpg\",\"contentUrl\":\"https:\/\/arcanum.si\/wp-content\/uploads\/2025\/01\/clanki-EFT-tapkanje-scaled.jpg\",\"width\":2560,\"height\":2372,\"caption\":\"\u010dlanki EFT tapkanje\"},{\"@type\":\"BreadcrumbList\",\"@id\":\"https:\/\/arcanum.si\/?page_id=882#breadcrumb\",\"itemListElement\":[{\"@type\":\"ListItem\",\"position\":1,\"name\":\"Home\",\"item\":\"https:\/\/arcanum.si\/\"},{\"@type\":\"ListItem\",\"position\":2,\"name\":\"\u010cLANKI\"}]},{\"@type\":\"WebSite\",\"@id\":\"https:\/\/arcanum.si\/#website\",\"url\":\"https:\/\/arcanum.si\/\",\"name\":\"www.arcanum.si\",\"description\":\"EFT TAPKANJE\",\"publisher\":{\"@id\":\"https:\/\/arcanum.si\/#organization\"},\"potentialAction\":[{\"@type\":\"SearchAction\",\"target\":{\"@type\":\"EntryPoint\",\"urlTemplate\":\"https:\/\/arcanum.si\/?s={search_term_string}\"},\"query-input\":{\"@type\":\"PropertyValueSpecification\",\"valueRequired\":true,\"valueName\":\"search_term_string\"}}],\"inLanguage\":\"sl-SI\"},{\"@type\":\"Organization\",\"@id\":\"https:\/\/arcanum.si\/#organization\",\"name\":\"www.arcanum.si\",\"url\":\"https:\/\/arcanum.si\/\",\"logo\":{\"@type\":\"ImageObject\",\"inLanguage\":\"sl-SI\",\"@id\":\"https:\/\/arcanum.si\/#\/schema\/logo\/image\/\",\"url\":\"https:\/\/arcanum.si\/wp-content\/uploads\/2023\/01\/ARCANUM-CIRCLE-LOGO66.jpg\",\"contentUrl\":\"https:\/\/arcanum.si\/wp-content\/uploads\/2023\/01\/ARCANUM-CIRCLE-LOGO66.jpg\",\"width\":240,\"height\":240,\"caption\":\"www.arcanum.si\"},\"image\":{\"@id\":\"https:\/\/arcanum.si\/#\/schema\/logo\/image\/\"}}]}<\/script>\n<!-- \/ Yoast SEO plugin. -->","yoast_head_json":{"title":"\u010cLANKI - EFT, TAPKANJE","description":"\u010clanki na razli\u010dne teme kot so tesnoba, lo\u010ditev, \u010dustvene stiske, te\u017eki spomini, katere lahko enostavno re\u0161ujemo z tehniko EFT TAPKANJE.","robots":{"index":"index","follow":"follow","max-snippet":"max-snippet:-1","max-image-preview":"max-image-preview:large","max-video-preview":"max-video-preview:-1"},"canonical":"https:\/\/arcanum.si\/?page_id=882","og_locale":"sl_SI","og_type":"article","og_title":"\u010cLANKI - EFT, TAPKANJE","og_description":"\u010clanki na razli\u010dne teme kot so tesnoba, lo\u010ditev, \u010dustvene stiske, te\u017eki spomini, katere lahko enostavno re\u0161ujemo z tehniko EFT TAPKANJE.","og_url":"https:\/\/arcanum.si\/?page_id=882","og_site_name":"www.arcanum.si","article_modified_time":"2025-01-14T14:56:42+00:00","og_image":[{"width":2560,"height":2372,"url":"https:\/\/arcanum.si\/wp-content\/uploads\/2025\/01\/clanki-EFT-tapkanje-scaled.jpg","type":"image\/jpeg"}],"twitter_card":"summary_large_image","twitter_misc":{"Est. reading time":"1 minuta"},"schema":{"@context":"https:\/\/schema.org","@graph":[{"@type":"WebPage","@id":"https:\/\/arcanum.si\/?page_id=882","url":"https:\/\/arcanum.si\/?page_id=882","name":"\u010cLANKI - EFT, TAPKANJE","isPartOf":{"@id":"https:\/\/arcanum.si\/#website"},"primaryImageOfPage":{"@id":"https:\/\/arcanum.si\/?page_id=882#primaryimage"},"image":{"@id":"https:\/\/arcanum.si\/?page_id=882#primaryimage"},"thumbnailUrl":"https:\/\/arcanum.si\/wp-content\/uploads\/2025\/01\/clanki-EFT-tapkanje-scaled.jpg","datePublished":"2025-01-13T20:20:52+00:00","dateModified":"2025-01-14T14:56:42+00:00","description":"\u010clanki na razli\u010dne teme kot so tesnoba, lo\u010ditev, \u010dustvene stiske, te\u017eki spomini, katere lahko enostavno re\u0161ujemo z tehniko EFT TAPKANJE.","breadcrumb":{"@id":"https:\/\/arcanum.si\/?page_id=882#breadcrumb"},"inLanguage":"sl-SI","potentialAction":[{"@type":"ReadAction","target":["https:\/\/arcanum.si\/?page_id=882"]}]},{"@type":"ImageObject","inLanguage":"sl-SI","@id":"https:\/\/arcanum.si\/?page_id=882#primaryimage","url":"https:\/\/arcanum.si\/wp-content\/uploads\/2025\/01\/clanki-EFT-tapkanje-scaled.jpg","contentUrl":"https:\/\/arcanum.si\/wp-content\/uploads\/2025\/01\/clanki-EFT-tapkanje-scaled.jpg","width":2560,"height":2372,"caption":"\u010dlanki EFT tapkanje"},{"@type":"BreadcrumbList","@id":"https:\/\/arcanum.si\/?page_id=882#breadcrumb","itemListElement":[{"@type":"ListItem","position":1,"name":"Home","item":"https:\/\/arcanum.si\/"},{"@type":"ListItem","position":2,"name":"\u010cLANKI"}]},{"@type":"WebSite","@id":"https:\/\/arcanum.si\/#website","url":"https:\/\/arcanum.si\/","name":"www.arcanum.si","description":"EFT TAPKANJE","publisher":{"@id":"https:\/\/arcanum.si\/#organization"},"potentialAction":[{"@type":"SearchAction","target":{"@type":"EntryPoint","urlTemplate":"https:\/\/arcanum.si\/?s={search_term_string}"},"query-input":{"@type":"PropertyValueSpecification","valueRequired":true,"valueName":"search_term_string"}}],"inLanguage":"sl-SI"},{"@type":"Organization","@id":"https:\/\/arcanum.si\/#organization","name":"www.arcanum.si","url":"https:\/\/arcanum.si\/","logo":{"@type":"ImageObject","inLanguage":"sl-SI","@id":"https:\/\/arcanum.si\/#\/schema\/logo\/image\/","url":"https:\/\/arcanum.si\/wp-content\/uploads\/2023\/01\/ARCANUM-CIRCLE-LOGO66.jpg","contentUrl":"https:\/\/arcanum.si\/wp-content\/uploads\/2023\/01\/ARCANUM-CIRCLE-LOGO66.jpg","width":240,"height":240,"caption":"www.arcanum.si"},"image":{"@id":"https:\/\/arcanum.si\/#\/schema\/logo\/image\/"}}]}},"uagb_featured_image_src":{"full":["https:\/\/arcanum.si\/wp-content\/uploads\/2025\/01\/clanki-EFT-tapkanje-scaled.jpg",2560,2372,false],"thumbnail":["https:\/\/arcanum.si\/wp-content\/uploads\/2025\/01\/clanki-EFT-tapkanje-150x150.jpg",150,150,true],"medium":["https:\/\/arcanum.si\/wp-content\/uploads\/2025\/01\/clanki-EFT-tapkanje-300x278.jpg",300,278,true],"medium_large":["https:\/\/arcanum.si\/wp-content\/uploads\/2025\/01\/clanki-EFT-tapkanje-768x712.jpg",768,712,true],"large":["https:\/\/arcanum.si\/wp-content\/uploads\/2025\/01\/clanki-EFT-tapkanje-1024x949.jpg",1024,949,true],"1536x1536":["https:\/\/arcanum.si\/wp-content\/uploads\/2025\/01\/clanki-EFT-tapkanje-1536x1423.jpg",1536,1423,true],"2048x2048":["https:\/\/arcanum.si\/wp-content\/uploads\/2025\/01\/clanki-EFT-tapkanje-2048x1898.jpg",2048,1898,true],"featured-image":["https:\/\/arcanum.si\/wp-content\/uploads\/2025\/01\/clanki-EFT-tapkanje-800x800.jpg",800,800,true],"profile-pic":["https:\/\/arcanum.si\/wp-content\/uploads\/2025\/01\/clanki-EFT-tapkanje-262x262.jpg",262,262,true]},"uagb_author_info":{"display_name":"Maja Barle","author_link":"https:\/\/arcanum.si\/?author=1"},"uagb_comment_info":0,"uagb_excerpt":null,"_links":{"self":[{"href":"https:\/\/arcanum.si\/index.php?rest_route=\/wp\/v2\/pages\/882","targetHints":{"allow":["GET"]}}],"collection":[{"href":"https:\/\/arcanum.si\/index.php?rest_route=\/wp\/v2\/pages"}],"about":[{"href":"https:\/\/arcanum.si\/index.php?rest_route=\/wp\/v2\/types\/page"}],"author":[{"embeddable":true,"href":"https:\/\/arcanum.si\/index.php?rest_route=\/wp\/v2\/users\/1"}],"replies":[{"embeddable":true,"href":"https:\/\/arcanum.si\/index.php?rest_route=%2Fwp%2Fv2%2Fcomments&post=882"}],"version-history":[{"count":6,"href":"https:\/\/arcanum.si\/index.php?rest_route=\/wp\/v2\/pages\/882\/revisions"}],"predecessor-version":[{"id":943,"href":"https:\/\/arcanum.si\/index.php?rest_route=\/wp\/v2\/pages\/882\/revisions\/943"}],"wp:featuredmedia":[{"embeddable":true,"href":"https:\/\/arcanum.si\/index.php?rest_route=\/wp\/v2\/media\/891"}],"wp:attachment":[{"href":"https:\/\/arcanum.si\/index.php?rest_route=%2Fwp%2Fv2%2Fmedia&parent=882"}],"curies":[{"name":"wp","href":"https:\/\/api.w.org\/{rel}","templated":true}]}}